{"id":4067,"date":"2020-02-12T08:51:30","date_gmt":"2020-02-12T07:51:30","guid":{"rendered":"https:\/\/powerlift.dk\/heim\/"},"modified":"2026-04-24T09:07:16","modified_gmt":"2026-04-24T07:07:16","slug":"heim","status":"publish","type":"page","link":"https:\/\/powerlift.dk\/de\/","title":{"rendered":"Heim"},"content":{"rendered":"<section class=\"wpb-content-wrapper\"><p>[vc_row full_width=&#8220;stretch_row&#8220; css=&#8220;.vc_custom_1645003336379{background-image: url(https:\/\/powerlift.dk\/wp-content\/uploads\/2022\/02\/img-5984-scaled-e1645002425702.jpg?id=3655) !important;background-position: center !important;background-repeat: no-repeat !important;background-size: cover !important;}&#8220; el_class=&#8220;overlay mobile-hero&#8220;][vc_column offset=&#8220;vc_hidden-lg vc_hidden-md vc_hidden-sm&#8220;]<div class=\"ult-spacer spacer-69ecd07ab3602\" data-id=\"69ecd07ab3602\" data-height=\"0\" data-height-mobile=\"120\" data-height-tab=\"0\" data-height-tab-portrait=\"0\" data-height-mobile-landscape=\"120\" style=\"clear:both;display:block;\"><\/div>[vc_column_text]<\/p>\n<h6 style=\"text-align: center;\">Powerlift<\/h6>\n<p style=\"text-align: center;\">Flere forskellige lifte<\/p>\n<p>[\/vc_column_text][vc_empty_space height=&#8220;30px&#8220;][vc_btn title=&#8220;Kontaktieren Sie uns heute&#8220; style=&#8220;custom&#8220; custom_background=&#8220;#464646&#8243; custom_text=&#8220;#fec228&#8243; shape=&#8220;square&#8220; size=&#8220;sm&#8220; align=&#8220;center&#8220; link=&#8220;url:http%3A%2F%2Fpowerlift.dk.linux213.unoeuro-server.com%2Fde%2Fkontakt%2F|title:Kontakt|&#8220;]<div class=\"ult-spacer spacer-69ecd07ab3644\" data-id=\"69ecd07ab3644\" data-height=\"0\" data-height-mobile=\"120\" data-height-tab=\"0\" data-height-tab-portrait=\"0\" data-height-mobile-landscape=\"120\" style=\"clear:both;display:block;\"><\/div>[\/vc_column][\/vc_row][vc_row full_width=&#8220;stretch_row_content_no_spaces&#8220; equal_height=&#8220;yes&#8220; css_animation=&#8220;none&#8220; css=&#8220;.vc_custom_1639469202255{background-color: #464646 !important;}&#8220;][vc_column css_animation=&#8220;fadeInLeft&#8220; el_class=&#8220;stretch&#8220; offset=&#8220;vc_col-lg-6 vc_col-md-6 vc_col-xs-12&#8243;][vc_column_text el_class=&#8220;white&#8220;]<\/p>\n<h1>Hubtische zeit 1976<\/h1>\n<p>\u200bDas Unternehmen wurde 1976 von dem Maschinen-Ingenieur Erik Knudsen gegr\u00fcndet, der schon immer sehr gro\u00dfen Wert darauf gelegt hat, Sonderanfertigungen von Qualit\u00e4ts-Hebeb\u00fchnen herzustellen.[\/vc_column_text][\/vc_column][vc_column css=&#8220;.vc_custom_1645002734699{background-image: url(https:\/\/powerlift.dk\/wp-content\/uploads\/2022\/02\/img-0453-scaled.jpg?id=3661) !important;background-position: center !important;background-repeat: no-repeat !important;background-size: cover !important;}&#8220; el_class=&#8220;special-cta&#8220; offset=&#8220;vc_col-lg-6 vc_col-md-6 vc_col-xs-12&#8243;][vc_raw_html]PGEgaHJlZj0iaHR0cDovL3Bvd2VybGlmdC5kay5saW51eDIxMy51bm9ldXJvLXNlcnZlci5jb20vZGUvZWluemVsc2NoZXJlLyI+PHNwYW4+RWluemVsc2NoZXJlPC9zcGFuPjwvYT4NCjxhIGhyZWY9Imh0dHA6Ly9wb3dlcmxpZnQuZGsubGludXgyMTMudW5vZXVyby1zZXJ2ZXIuY29tL2RlL2RvcHBlbHZlcnRpa2Fsc2NoZXJlLyI+PHNwYW4+VmVydGlrYWxzY2hlcmU8L3NwYW4+PC9hPg0KPGEgaHJlZj0iaHR0cDovL3Bvd2VybGlmdC5kay5saW51eDIxMy51bm9ldXJvLXNlcnZlci5jb20vZGUvZG9wcGVsaG9yaXpvbnRhbHNjaGVyZS8iPjxzcGFuPkhvcml6b250YWxzY2hlcmU8L3NwYW4+PC9hPg0KPGEgaHJlZj0iaHR0cDovL3Bvd2VybGlmdC5kay5saW51eDIxMy51bm9ldXJvLXNlcnZlci5jb20vZGUvdWViZXItdW5zLyI+PHNwYW4+w5xiZXIgdW5zPC9zcGFuPjwvYT4=[\/vc_raw_html][\/vc_column][\/vc_row][vc_row full_width=&#8220;stretch_row_content_no_spaces&#8220; equal_height=&#8220;yes&#8220; css_animation=&#8220;none&#8220; css=&#8220;.vc_custom_1639469226523{background-color: #464646 !important;}&#8220;][vc_column css=&#8220;.vc_custom_1776866941632{background-image: url(https:\/\/powerlift.dk\/wp-content\/uploads\/2022\/02\/img-5983-scaled-e1776866805570.jpg?id=3923) !important;background-position: center !important;background-repeat: no-repeat !important;background-size: cover !important;}&#8220; offset=&#8220;vc_col-lg-6 vc_col-md-6 vc_hidden-sm vc_hidden-xs&#8220;][\/vc_column][vc_column css_animation=&#8220;fadeInRight&#8220; el_class=&#8220;stretch&#8220; offset=&#8220;vc_col-lg-6 vc_col-md-6 vc_col-xs-12&#8243;][vc_column_text el_class=&#8220;white&#8220;]<\/p>\n<h2>Stabiler und langlebiger Hubtisch in hoher Qualit\u00e4t<\/h2>\n<p>Mit einem Hubtisch gewinnen Sie mehr Flexibilit\u00e4t und k\u00f6nnen die H\u00f6he individuell anpassen. Eine falsche Arbeitshaltung kann zu Verletzungen und Beschwerden f\u00fchren, die sich zu chronischen Schmerzen entwickeln k\u00f6nnen. Ein Hubtisch optimiert Ihre Arbeitsbedingungen und sorgt f\u00fcr mehr Komfort und ein angenehmeres Arbeitsleben.<\/p>\n<p>Wir fertigen stabile und langlebige Hubtische in hoher Qualit\u00e4t, bei denen der Kunde stets im Mittelpunkt steht. Alle unsere L\u00f6sungen orientieren sich an den Bed\u00fcrfnissen des Menschen \u2013 deshalb entwickeln wir uns kontinuierlich weiter. W\u00e4hlen Sie einen Hubtisch aus unserem Sortiment und erleben Sie den Unterschied: ein Tisch, der sich perfekt an Ihre Bed\u00fcrfnisse anpassen l\u00e4sst.<\/p>\n<h3>Wir finden den passenden Tisch f\u00fcr Sie!<\/h3>\n<p>Wir von Power-Lift sind Experten darin, f\u00fcr jeden Kunden die optimale L\u00f6sung zu finden. Schildern Sie uns Ihre individuellen Anforderungen, damit wir den perfekten Hubtisch f\u00fcr Sie finden. Wir bieten eine gro\u00dfe Auswahl an Hubtischen f\u00fcr jedes Budget. Verschiedene Einstellungen und Funktionen stehen zur Verf\u00fcgung.<\/p>\n<p>Kontaktieren Sie uns, um mehr \u00fcber Ihre M\u00f6glichkeiten zu erfahren. Rufen Sie uns unter <a href=\"tel:98231511\">98 23 15 11<\/a> an oder senden Sie uns eine E-Mail an\u00a0<a href=\"mailto:info@powerlift.dk\">info@powerlift.dk<\/a>.\u200b[\/vc_column_text][\/vc_column][\/vc_row][vc_row full_width=&#8220;stretch_row&#8220; css=&#8220;.vc_custom_1639406341988{background-color: #eeeeee !important;}&#8220;][vc_column css_animation=&#8220;fadeInUp&#8220;]<div class=\"ult-spacer spacer-69ecd07ab3667\" data-id=\"69ecd07ab3667\" data-height=\"90\" data-height-mobile=\"60\" data-height-tab=\"90\" data-height-tab-portrait=\"60\" data-height-mobile-landscape=\"60\" style=\"clear:both;display:block;\"><\/div>[vc_column_text]<\/p>\n<h3>Inspiration<\/h3>\n<p>[\/vc_column_text][vc_empty_space height=&#8220;30px&#8220;][vc_media_grid style=&#8220;load-more&#8220; items_per_page=&#8220;6&#8243; element_width=&#8220;2&#8243; item=&#8220;487&#8243; btn_title=&#8220;Zeig mehr&#8220; btn_style=&#8220;modern&#8220; btn_shape=&#8220;square&#8220; btn_color=&#8220;default&#8220; btn_size=&#8220;xs&#8220; grid_id=&#8220;vc_gid:1777014318974-b0b28628-f9df-9&#8243; include=&#8220;4322,4325,3955,3953,3957,3949,3947,3945,3931,3933,3935,3937&#8243;]<div class=\"ult-spacer spacer-69ecd07ab3686\" data-id=\"69ecd07ab3686\" data-height=\"90\" data-height-mobile=\"60\" data-height-tab=\"90\" data-height-tab-portrait=\"60\" data-height-mobile-landscape=\"60\" style=\"clear:both;display:block;\"><\/div>[\/vc_column][\/vc_row]<\/p>\n<\/section>","protected":false},"excerpt":{"rendered":"<p>[vc_row full_width=&#8220;stretch_row&#8220; css=&#8220;.vc_custom_1645003336379{background-image: url(https:\/\/powerlift.dk\/wp-content\/uploads\/2022\/02\/img-5984-scaled-e1645002425702.jpg?id=3655) !important;background-position: center !important;background-repeat: no-repeat !important;background-size: cover !important;}&#8220; el_class=&#8220;overlay mobile-hero&#8220;][vc_column offset=&#8220;vc_hidden-lg vc_hidden-md vc_hidden-sm&#8220;][vc_column_text] Powerlift Flere forskellige lifte [\/vc_column_text][vc_empty_space height=&#8220;30px&#8220;][vc_btn title=&#8220;Kontaktieren Sie uns heute&#8220; style=&#8220;custom&#8220; custom_background=&#8220;#464646&#8243; custom_text=&#8220;#fec228&#8243; shape=&#8220;square&#8220; size=&#8220;sm&#8220; align=&#8220;center&#8220; link=&#8220;url:http%3A%2F%2Fpowerlift.dk.linux213.unoeuro-server.com%2Fde%2Fkontakt%2F|title:Kontakt|&#8220;][\/vc_column][\/vc_row][vc_row full_width=&#8220;stretch_row_content_no_spaces&#8220; equal_height=&#8220;yes&#8220; css_animation=&#8220;none&#8220; css=&#8220;.vc_custom_1639469202255{background-color: #464646 !important;}&#8220;][vc_column css_animation=&#8220;fadeInLeft&#8220; el_class=&#8220;stretch&#8220; offset=&#8220;vc_col-lg-6 vc_col-md-6 vc_col-xs-12&#8243;][vc_column_text el_class=&#8220;white&#8220;] Hubtische zeit 1976 \u200bDas Unternehmen wurde 1976 von dem Maschinen-Ingenieur &#8230; <a title=\"Heim\" class=\"read-more\" href=\"https:\/\/powerlift.dk\/de\/\" aria-label=\"Mehr zu Heim\">Weiterlesen &#8230;<\/a><\/p>\n","protected":false},"author":1,"featured_media":0,"parent":0,"menu_order":0,"comment_status":"closed","ping_status":"closed","template":"","meta":{"footnotes":""},"categories":[],"acf":[],"yoast_head":"<!-- This site is optimized with the Yoast SEO plugin v20.10 - https:\/\/yoast.com\/wordpress\/plugins\/seo\/ -->\n<title>Powerlift, sakselift, multilift og l\u00f8fteborde &middot; Powerlift<\/title>\n<meta name=\"robots\" content=\"index, follow, max-snippet:-1, max-image-preview:large, max-video-preview:-1\" \/>\n<link rel=\"canonical\" href=\"https:\/\/powerlift.dk\/de\/\" \/>\n<meta property=\"og:locale\" content=\"de_DE\" \/>\n<meta property=\"og:type\" content=\"article\" \/>\n<meta property=\"og:title\" content=\"Powerlift, sakselift, multilift og l\u00f8fteborde &middot; Powerlift\" \/>\n<meta property=\"og:description\" content=\"[vc_row full_width=&#8220;stretch_row&#8220; css=&#8220;.vc_custom_1645003336379{background-image: url(https:\/\/powerlift.dk\/wp-content\/uploads\/2022\/02\/img-5984-scaled-e1645002425702.jpg?id=3655) !important;background-position: center !important;background-repeat: no-repeat !important;background-size: cover !important;}&#8220; el_class=&#8220;overlay mobile-hero&#8220;][vc_column offset=&#8220;vc_hidden-lg vc_hidden-md vc_hidden-sm&#8220;][vc_column_text] Powerlift Flere forskellige lifte [\/vc_column_text][vc_empty_space height=&#8220;30px&#8220;][vc_btn title=&#8220;Kontaktieren Sie uns heute&#8220; style=&#8220;custom&#8220; custom_background=&#8220;#464646&#8243; custom_text=&#8220;#fec228&#8243; shape=&#8220;square&#8220; size=&#8220;sm&#8220; align=&#8220;center&#8220; link=&#8220;url:http%3A%2F%2Fpowerlift.dk.linux213.unoeuro-server.com%2Fde%2Fkontakt%2F|title:Kontakt|&#8220;][\/vc_column][\/vc_row][vc_row full_width=&#8220;stretch_row_content_no_spaces&#8220; equal_height=&#8220;yes&#8220; css_animation=&#8220;none&#8220; css=&#8220;.vc_custom_1639469202255{background-color: #464646 !important;}&#8220;][vc_column css_animation=&#8220;fadeInLeft&#8220; el_class=&#8220;stretch&#8220; offset=&#8220;vc_col-lg-6 vc_col-md-6 vc_col-xs-12&#8243;][vc_column_text el_class=&#8220;white&#8220;] Hubtische zeit 1976 \u200bDas Unternehmen wurde 1976 von dem Maschinen-Ingenieur ... Weiterlesen ...\" \/>\n<meta property=\"og:url\" content=\"https:\/\/powerlift.dk\/de\/\" \/>\n<meta property=\"og:site_name\" content=\"Powerlift\" \/>\n<meta property=\"article:modified_time\" content=\"2026-04-24T07:07:16+00:00\" \/>\n<meta name=\"twitter:card\" content=\"summary_large_image\" \/>\n<meta name=\"twitter:label1\" content=\"Gesch\u00e4tzte Lesezeit\" \/>\n\t<meta name=\"twitter:data1\" content=\"1\u00a0Minute\" \/>\n<script type=\"application\/ld+json\" class=\"yoast-schema-graph\">{\"@context\":\"https:\/\/schema.org\",\"@graph\":[{\"@type\":\"WebPage\",\"@id\":\"https:\/\/powerlift.dk\/de\/\",\"url\":\"https:\/\/powerlift.dk\/de\/\",\"name\":\"Powerlift, sakselift, multilift og l\u00f8fteborde &middot; Powerlift\",\"isPartOf\":{\"@id\":\"http:\/\/powerlift.dk\/#website\"},\"datePublished\":\"2020-02-12T07:51:30+00:00\",\"dateModified\":\"2026-04-24T07:07:16+00:00\",\"breadcrumb\":{\"@id\":\"https:\/\/powerlift.dk\/de\/#breadcrumb\"},\"inLanguage\":\"de\",\"potentialAction\":[{\"@type\":\"ReadAction\",\"target\":[\"https:\/\/powerlift.dk\/de\/\"]}]},{\"@type\":\"BreadcrumbList\",\"@id\":\"https:\/\/powerlift.dk\/de\/#breadcrumb\",\"itemListElement\":[{\"@type\":\"ListItem\",\"position\":1,\"name\":\"Hjem\",\"item\":\"https:\/\/powerlift.dk\/de\/\"},{\"@type\":\"ListItem\",\"position\":2,\"name\":\"Heim\"}]},{\"@type\":\"WebSite\",\"@id\":\"http:\/\/powerlift.dk\/#website\",\"url\":\"http:\/\/powerlift.dk\/\",\"name\":\"Powerlift\",\"description\":\"Powerlift, sakselift, multilift og l\u00f8fteborde\",\"publisher\":{\"@id\":\"http:\/\/powerlift.dk\/#organization\"},\"potentialAction\":[{\"@type\":\"SearchAction\",\"target\":{\"@type\":\"EntryPoint\",\"urlTemplate\":\"http:\/\/powerlift.dk\/?s={search_term_string}\"},\"query-input\":\"required name=search_term_string\"}],\"inLanguage\":\"de\"},{\"@type\":\"Organization\",\"@id\":\"http:\/\/powerlift.dk\/#organization\",\"name\":\"Powerlift\",\"url\":\"http:\/\/powerlift.dk\/\",\"logo\":{\"@type\":\"ImageObject\",\"inLanguage\":\"de\",\"@id\":\"http:\/\/powerlift.dk\/#\/schema\/logo\/image\/\",\"url\":\"https:\/\/powerlift.dk\/wp-content\/uploads\/2021\/12\/logo-2-11.png\",\"contentUrl\":\"https:\/\/powerlift.dk\/wp-content\/uploads\/2021\/12\/logo-2-11.png\",\"width\":230,\"height\":72,\"caption\":\"Powerlift\"},\"image\":{\"@id\":\"http:\/\/powerlift.dk\/#\/schema\/logo\/image\/\"}}]}<\/script>\n<!-- \/ Yoast SEO plugin. -->","yoast_head_json":{"title":"Powerlift, sakselift, multilift og l\u00f8fteborde &middot; Powerlift","robots":{"index":"index","follow":"follow","max-snippet":"max-snippet:-1","max-image-preview":"max-image-preview:large","max-video-preview":"max-video-preview:-1"},"canonical":"https:\/\/powerlift.dk\/de\/","og_locale":"de_DE","og_type":"article","og_title":"Powerlift, sakselift, multilift og l\u00f8fteborde &middot; Powerlift","og_description":"[vc_row full_width=&#8220;stretch_row&#8220; css=&#8220;.vc_custom_1645003336379{background-image: url(https:\/\/powerlift.dk\/wp-content\/uploads\/2022\/02\/img-5984-scaled-e1645002425702.jpg?id=3655) !important;background-position: center !important;background-repeat: no-repeat !important;background-size: cover !important;}&#8220; el_class=&#8220;overlay mobile-hero&#8220;][vc_column offset=&#8220;vc_hidden-lg vc_hidden-md vc_hidden-sm&#8220;][vc_column_text] Powerlift Flere forskellige lifte [\/vc_column_text][vc_empty_space height=&#8220;30px&#8220;][vc_btn title=&#8220;Kontaktieren Sie uns heute&#8220; style=&#8220;custom&#8220; custom_background=&#8220;#464646&#8243; custom_text=&#8220;#fec228&#8243; shape=&#8220;square&#8220; size=&#8220;sm&#8220; align=&#8220;center&#8220; link=&#8220;url:http%3A%2F%2Fpowerlift.dk.linux213.unoeuro-server.com%2Fde%2Fkontakt%2F|title:Kontakt|&#8220;][\/vc_column][\/vc_row][vc_row full_width=&#8220;stretch_row_content_no_spaces&#8220; equal_height=&#8220;yes&#8220; css_animation=&#8220;none&#8220; css=&#8220;.vc_custom_1639469202255{background-color: #464646 !important;}&#8220;][vc_column css_animation=&#8220;fadeInLeft&#8220; el_class=&#8220;stretch&#8220; offset=&#8220;vc_col-lg-6 vc_col-md-6 vc_col-xs-12&#8243;][vc_column_text el_class=&#8220;white&#8220;] Hubtische zeit 1976 \u200bDas Unternehmen wurde 1976 von dem Maschinen-Ingenieur ... Weiterlesen ...","og_url":"https:\/\/powerlift.dk\/de\/","og_site_name":"Powerlift","article_modified_time":"2026-04-24T07:07:16+00:00","twitter_card":"summary_large_image","twitter_misc":{"Gesch\u00e4tzte Lesezeit":"1\u00a0Minute"},"schema":{"@context":"https:\/\/schema.org","@graph":[{"@type":"WebPage","@id":"https:\/\/powerlift.dk\/de\/","url":"https:\/\/powerlift.dk\/de\/","name":"Powerlift, sakselift, multilift og l\u00f8fteborde &middot; Powerlift","isPartOf":{"@id":"http:\/\/powerlift.dk\/#website"},"datePublished":"2020-02-12T07:51:30+00:00","dateModified":"2026-04-24T07:07:16+00:00","breadcrumb":{"@id":"https:\/\/powerlift.dk\/de\/#breadcrumb"},"inLanguage":"de","potentialAction":[{"@type":"ReadAction","target":["https:\/\/powerlift.dk\/de\/"]}]},{"@type":"BreadcrumbList","@id":"https:\/\/powerlift.dk\/de\/#breadcrumb","itemListElement":[{"@type":"ListItem","position":1,"name":"Hjem","item":"https:\/\/powerlift.dk\/de\/"},{"@type":"ListItem","position":2,"name":"Heim"}]},{"@type":"WebSite","@id":"http:\/\/powerlift.dk\/#website","url":"http:\/\/powerlift.dk\/","name":"Powerlift","description":"Powerlift, sakselift, multilift og l\u00f8fteborde","publisher":{"@id":"http:\/\/powerlift.dk\/#organization"},"potentialAction":[{"@type":"SearchAction","target":{"@type":"EntryPoint","urlTemplate":"http:\/\/powerlift.dk\/?s={search_term_string}"},"query-input":"required name=search_term_string"}],"inLanguage":"de"},{"@type":"Organization","@id":"http:\/\/powerlift.dk\/#organization","name":"Powerlift","url":"http:\/\/powerlift.dk\/","logo":{"@type":"ImageObject","inLanguage":"de","@id":"http:\/\/powerlift.dk\/#\/schema\/logo\/image\/","url":"https:\/\/powerlift.dk\/wp-content\/uploads\/2021\/12\/logo-2-11.png","contentUrl":"https:\/\/powerlift.dk\/wp-content\/uploads\/2021\/12\/logo-2-11.png","width":230,"height":72,"caption":"Powerlift"},"image":{"@id":"http:\/\/powerlift.dk\/#\/schema\/logo\/image\/"}}]}},"_links":{"self":[{"href":"https:\/\/powerlift.dk\/de\/wp-json\/wp\/v2\/pages\/4067"}],"collection":[{"href":"https:\/\/powerlift.dk\/de\/wp-json\/wp\/v2\/pages"}],"about":[{"href":"https:\/\/powerlift.dk\/de\/wp-json\/wp\/v2\/types\/page"}],"author":[{"embeddable":true,"href":"https:\/\/powerlift.dk\/de\/wp-json\/wp\/v2\/users\/1"}],"replies":[{"embeddable":true,"href":"https:\/\/powerlift.dk\/de\/wp-json\/wp\/v2\/comments?post=4067"}],"version-history":[{"count":21,"href":"https:\/\/powerlift.dk\/de\/wp-json\/wp\/v2\/pages\/4067\/revisions"}],"predecessor-version":[{"id":4404,"href":"https:\/\/powerlift.dk\/de\/wp-json\/wp\/v2\/pages\/4067\/revisions\/4404"}],"wp:attachment":[{"href":"https:\/\/powerlift.dk\/de\/wp-json\/wp\/v2\/media?parent=4067"}],"wp:term":[{"taxonomy":"category","embeddable":true,"href":"https:\/\/powerlift.dk\/de\/wp-json\/wp\/v2\/categories?post=4067"}],"curies":[{"name":"wp","href":"https:\/\/api.w.org\/{rel}","templated":true}]}}