{"id":4064,"date":"2021-12-13T13:01:25","date_gmt":"2021-12-13T12:01:25","guid":{"rendered":"https:\/\/powerlift.dk\/multilift\/"},"modified":"2022-04-27T16:21:11","modified_gmt":"2022-04-27T14:21:11","slug":"multilift","status":"publish","type":"page","link":"https:\/\/powerlift.dk\/de\/multilift\/","title":{"rendered":"Multilift"},"content":{"rendered":"<section class=\"wpb-content-wrapper\"><p>[vc_row full_width=&#8220;stretch_row_content_no_spaces&#8220; equal_height=&#8220;yes&#8220; css=&#8220;.vc_custom_1639470783345{background-color: #464646 !important;}&#8220;][vc_column css_animation=&#8220;fadeInLeft&#8220; el_class=&#8220;stretch white&#8220; offset=&#8220;vc_col-lg-6 vc_col-md-6 vc_col-xs-12&#8243;][vc_column_text]<\/p>\n<h2>\u200bMultilift til forskelligartede opgaver<\/h2>\n<p>Har du ofte brug for en lift, der kan mere end det s\u00e6dvanlige, har vi en multilift, der er s\u00e6rligt designet til at kunne h\u00e5ndtere flere opgaver af forskellig karakter.<\/p>\n<p>En multilift er ganske som navnet antyder en lift, der kan bruges til flere ting. Har du behov for at v\u00e6re mere fleksibel i hverdagen i din virksomhed i Danmark, kan en flerfunktionel lift bogstaveligt talt l\u00f8fte opgaven for dig.<\/p>\n<p>Her hos Power-Lift har vi mange \u00e5rs erfaring med salg af multilifte til diverse form\u00e5l, og vi er overbevist om, at vi ogs\u00e5 har en, der passer til netop din virksomhed. Alle vores lifte er skabt p\u00e5 baggrund af unikke behov, som vi im\u00f8dekommer med at designe og skabe lifter, der kan optimere arbejdsgange.<\/p>\n<p>Skal du bruge en multilift, er vi parate til at hj\u00e6lpe dig.[\/vc_column_text][\/vc_column][vc_column css=&#8220;.vc_custom_1646050068580{background-image: url(https:\/\/powerlift.dk\/wp-content\/uploads\/2022\/02\/img-5983-scaled.jpg?id=3659) !important;background-position: center !important;background-repeat: no-repeat !important;background-size: cover !important;}&#8220; offset=&#8220;vc_col-lg-6 vc_col-md-6 vc_col-xs-12&#8243;]<div class=\"ult-spacer spacer-69e7a5a62254d\" data-id=\"69e7a5a62254d\" data-height=\"0\" data-height-mobile=\"200\" data-height-tab=\"0\" data-height-tab-portrait=\"300\" data-height-mobile-landscape=\"250\" style=\"clear:both;display:block;\"><\/div>[\/vc_column][\/vc_row][vc_row full_width=&#8220;stretch_row_content_no_spaces&#8220; equal_height=&#8220;yes&#8220; css=&#8220;.vc_custom_1639470783345{background-color: #464646 !important;}&#8220;][vc_column css=&#8220;.vc_custom_1646050151505{background-image: url(https:\/\/powerlift.dk\/wp-content\/uploads\/2022\/02\/heavy-duty-interlock-gates-with-coverplates-scaled.jpg?id=3679) !important;background-position: center !important;background-repeat: no-repeat !important;background-size: cover !important;}&#8220; offset=&#8220;vc_col-lg-6 vc_col-md-6 vc_col-xs-12&#8243;][\/vc_column][vc_column css_animation=&#8220;fadeInRight&#8220; el_class=&#8220;stretch white&#8220; offset=&#8220;vc_col-lg-6 vc_col-md-6 vc_col-xs-12&#8243;][vc_column_text]<\/p>\n<h3>Robust og solid multilift i h\u00f8j kvalitet<\/h3>\n<p>En multilift er til for at kunne l\u00f8fte og transportere ting, der er for tunge til at blive l\u00f8ftet manuelt af mennesker. Derfor er det essentielt, at denne er s\u00e6rdeles solid, robust og holdbar, s\u00e5ledes at den fremst\u00e5r p\u00e5lidelig og tryghedsskabende.\u200b<\/p>\n<p>Hos Power-Lift forhandler vi udelukkende lifte i h\u00f8j kvalitet, som er bygget til at kunne b\u00e6re en hel del kilo. Hvor mange kilo afh\u00e6nger af den enkelte multilift. Skal du bruge en specifik lift, der kan l\u00f8fte s\u00e6rligt meget, har vi ogs\u00e5 det p\u00e5 lager. St\u00e5r du og mangler en kompetent lift, s\u00e5 lad os h\u00f8re om, hvad du har brug for.<\/p>\n<p>Vores professionelle fagspecialister kan ogs\u00e5 r\u00e5dgive dig til at finde den rette l\u00f8sning til dig.[\/vc_column_text][\/vc_column][\/vc_row][vc_row full_width=&#8220;stretch_row&#8220; css_animation=&#8220;fadeInUp&#8220; css=&#8220;.vc_custom_1639554020529{background-color: #eeeeee !important;}&#8220;][vc_column]<div class=\"ult-spacer spacer-69e7a5a622599\" data-id=\"69e7a5a622599\" data-height=\"90\" data-height-mobile=\"60\" data-height-tab=\"90\" data-height-tab-portrait=\"60\" data-height-mobile-landscape=\"60\" style=\"clear:both;display:block;\"><\/div>[vc_row_inner][vc_column_inner offset=&#8220;vc_col-lg-6 vc_col-md-6 vc_col-xs-12&#8243;][vc_column_text]<\/p>\n<h3>Bestil dine multilifte her<\/h3>\n<p>Skal vi se p\u00e5 en funktionel multilift til dig, er du velkommen til at kontakte os for at h\u00f8re mere om dine muligheder.<\/p>\n<p>Vi har altid en kompetent og erfaren r\u00e5dgiver, der kan hj\u00e6lpe dig med at finde den rette sakselift til dig.<\/p>\n<p>Kontakt os p\u00e5 telefon <a href=\"tel:98231511\">(+45) 98 23 15 11<\/a> allerede i dag. Du er ogs\u00e5 velkommen til at skrive til os p\u00e5 <a href=\"mailto:powerlift@mail.dk\">powerlift@mail.dk<\/a>. Vi har altid en dygtig konsulent, der kan hj\u00e6lpe dig.\u200b\u200b[\/vc_column_text]<div class=\"ult-spacer spacer-69e7a5a6225c0\" data-id=\"69e7a5a6225c0\" data-height=\"0\" data-height-mobile=\"30\" data-height-tab=\"0\" data-height-tab-portrait=\"30\" data-height-mobile-landscape=\"30\" style=\"clear:both;display:block;\"><\/div>[\/vc_column_inner][vc_column_inner offset=&#8220;vc_col-lg-6 vc_col-md-6 vc_col-xs-12&#8243;][vc_column_text]<\/p>\n<h3>Skriv til os<\/h3>\n<p>[\/vc_column_text][vc_empty_space height=&#8220;15px&#8220;][vc_raw_html]W2Zvcm1pbmF0b3JfZm9ybSBpZD0iNDA3MCJd[\/vc_raw_html][\/vc_column_inner][\/vc_row_inner]<div class=\"ult-spacer spacer-69e7a5a6225df\" data-id=\"69e7a5a6225df\" data-height=\"90\" data-height-mobile=\"60\" data-height-tab=\"90\" data-height-tab-portrait=\"60\" data-height-mobile-landscape=\"60\" style=\"clear:both;display:block;\"><\/div>[\/vc_column][\/vc_row]<\/p>\n<\/section>","protected":false},"excerpt":{"rendered":"<p>Har du ofte brug for en lift, der kan mere end det s\u00e6dvanlige?<\/p>\n","protected":false},"author":1,"featured_media":0,"parent":0,"menu_order":0,"comment_status":"closed","ping_status":"closed","template":"","meta":{"footnotes":""},"categories":[],"acf":[],"yoast_head":"<!-- This site is optimized with the Yoast SEO plugin v20.10 - https:\/\/yoast.com\/wordpress\/plugins\/seo\/ -->\n<title>Multilift &middot; Powerlift<\/title>\n<meta name=\"robots\" content=\"index, follow, max-snippet:-1, max-image-preview:large, max-video-preview:-1\" \/>\n<link rel=\"canonical\" href=\"http:\/\/powerlift.dk\/multilift\/\" \/>\n<meta property=\"og:locale\" content=\"de_DE\" \/>\n<meta property=\"og:type\" content=\"article\" \/>\n<meta property=\"og:title\" content=\"Multilift &middot; Powerlift\" \/>\n<meta property=\"og:description\" content=\"Har du ofte brug for en lift, der kan mere end det s\u00e6dvanlige?\" \/>\n<meta property=\"og:url\" content=\"http:\/\/powerlift.dk\/multilift\/\" \/>\n<meta property=\"og:site_name\" content=\"Powerlift\" \/>\n<meta property=\"article:modified_time\" content=\"2022-04-27T14:21:11+00:00\" \/>\n<meta name=\"twitter:card\" content=\"summary_large_image\" \/>\n<meta name=\"twitter:label1\" content=\"Gesch\u00e4tzte Lesezeit\" \/>\n\t<meta name=\"twitter:data1\" content=\"3\u00a0Minuten\" \/>\n<script type=\"application\/ld+json\" class=\"yoast-schema-graph\">{\"@context\":\"https:\/\/schema.org\",\"@graph\":[{\"@type\":\"WebPage\",\"@id\":\"http:\/\/powerlift.dk\/multilift\/\",\"url\":\"http:\/\/powerlift.dk\/multilift\/\",\"name\":\"Multilift &middot; Powerlift\",\"isPartOf\":{\"@id\":\"http:\/\/powerlift.dk\/#website\"},\"datePublished\":\"2021-12-13T12:01:25+00:00\",\"dateModified\":\"2022-04-27T14:21:11+00:00\",\"breadcrumb\":{\"@id\":\"http:\/\/powerlift.dk\/multilift\/#breadcrumb\"},\"inLanguage\":\"de\",\"potentialAction\":[{\"@type\":\"ReadAction\",\"target\":[\"http:\/\/powerlift.dk\/multilift\/\"]}]},{\"@type\":\"BreadcrumbList\",\"@id\":\"http:\/\/powerlift.dk\/multilift\/#breadcrumb\",\"itemListElement\":[{\"@type\":\"ListItem\",\"position\":1,\"name\":\"Hjem\",\"item\":\"http:\/\/powerlift.dk\/de\/\"},{\"@type\":\"ListItem\",\"position\":2,\"name\":\"Multilift\"}]},{\"@type\":\"WebSite\",\"@id\":\"http:\/\/powerlift.dk\/#website\",\"url\":\"http:\/\/powerlift.dk\/\",\"name\":\"Powerlift\",\"description\":\"Powerlift, sakselift, multilift og l\u00f8fteborde\",\"publisher\":{\"@id\":\"http:\/\/powerlift.dk\/#organization\"},\"potentialAction\":[{\"@type\":\"SearchAction\",\"target\":{\"@type\":\"EntryPoint\",\"urlTemplate\":\"http:\/\/powerlift.dk\/?s={search_term_string}\"},\"query-input\":\"required name=search_term_string\"}],\"inLanguage\":\"de\"},{\"@type\":\"Organization\",\"@id\":\"http:\/\/powerlift.dk\/#organization\",\"name\":\"Powerlift\",\"url\":\"http:\/\/powerlift.dk\/\",\"logo\":{\"@type\":\"ImageObject\",\"inLanguage\":\"de\",\"@id\":\"http:\/\/powerlift.dk\/#\/schema\/logo\/image\/\",\"url\":\"https:\/\/powerlift.dk\/wp-content\/uploads\/2021\/12\/logo-2-11.png\",\"contentUrl\":\"https:\/\/powerlift.dk\/wp-content\/uploads\/2021\/12\/logo-2-11.png\",\"width\":230,\"height\":72,\"caption\":\"Powerlift\"},\"image\":{\"@id\":\"http:\/\/powerlift.dk\/#\/schema\/logo\/image\/\"}}]}<\/script>\n<!-- \/ Yoast SEO plugin. -->","yoast_head_json":{"title":"Multilift &middot; Powerlift","robots":{"index":"index","follow":"follow","max-snippet":"max-snippet:-1","max-image-preview":"max-image-preview:large","max-video-preview":"max-video-preview:-1"},"canonical":"http:\/\/powerlift.dk\/multilift\/","og_locale":"de_DE","og_type":"article","og_title":"Multilift &middot; Powerlift","og_description":"Har du ofte brug for en lift, der kan mere end det s\u00e6dvanlige?","og_url":"http:\/\/powerlift.dk\/multilift\/","og_site_name":"Powerlift","article_modified_time":"2022-04-27T14:21:11+00:00","twitter_card":"summary_large_image","twitter_misc":{"Gesch\u00e4tzte Lesezeit":"3\u00a0Minuten"},"schema":{"@context":"https:\/\/schema.org","@graph":[{"@type":"WebPage","@id":"http:\/\/powerlift.dk\/multilift\/","url":"http:\/\/powerlift.dk\/multilift\/","name":"Multilift &middot; Powerlift","isPartOf":{"@id":"http:\/\/powerlift.dk\/#website"},"datePublished":"2021-12-13T12:01:25+00:00","dateModified":"2022-04-27T14:21:11+00:00","breadcrumb":{"@id":"http:\/\/powerlift.dk\/multilift\/#breadcrumb"},"inLanguage":"de","potentialAction":[{"@type":"ReadAction","target":["http:\/\/powerlift.dk\/multilift\/"]}]},{"@type":"BreadcrumbList","@id":"http:\/\/powerlift.dk\/multilift\/#breadcrumb","itemListElement":[{"@type":"ListItem","position":1,"name":"Hjem","item":"http:\/\/powerlift.dk\/de\/"},{"@type":"ListItem","position":2,"name":"Multilift"}]},{"@type":"WebSite","@id":"http:\/\/powerlift.dk\/#website","url":"http:\/\/powerlift.dk\/","name":"Powerlift","description":"Powerlift, sakselift, multilift og l\u00f8fteborde","publisher":{"@id":"http:\/\/powerlift.dk\/#organization"},"potentialAction":[{"@type":"SearchAction","target":{"@type":"EntryPoint","urlTemplate":"http:\/\/powerlift.dk\/?s={search_term_string}"},"query-input":"required name=search_term_string"}],"inLanguage":"de"},{"@type":"Organization","@id":"http:\/\/powerlift.dk\/#organization","name":"Powerlift","url":"http:\/\/powerlift.dk\/","logo":{"@type":"ImageObject","inLanguage":"de","@id":"http:\/\/powerlift.dk\/#\/schema\/logo\/image\/","url":"https:\/\/powerlift.dk\/wp-content\/uploads\/2021\/12\/logo-2-11.png","contentUrl":"https:\/\/powerlift.dk\/wp-content\/uploads\/2021\/12\/logo-2-11.png","width":230,"height":72,"caption":"Powerlift"},"image":{"@id":"http:\/\/powerlift.dk\/#\/schema\/logo\/image\/"}}]}},"_links":{"self":[{"href":"https:\/\/powerlift.dk\/de\/wp-json\/wp\/v2\/pages\/4064"}],"collection":[{"href":"https:\/\/powerlift.dk\/de\/wp-json\/wp\/v2\/pages"}],"about":[{"href":"https:\/\/powerlift.dk\/de\/wp-json\/wp\/v2\/types\/page"}],"author":[{"embeddable":true,"href":"https:\/\/powerlift.dk\/de\/wp-json\/wp\/v2\/users\/1"}],"replies":[{"embeddable":true,"href":"https:\/\/powerlift.dk\/de\/wp-json\/wp\/v2\/comments?post=4064"}],"version-history":[{"count":5,"href":"https:\/\/powerlift.dk\/de\/wp-json\/wp\/v2\/pages\/4064\/revisions"}],"predecessor-version":[{"id":4143,"href":"https:\/\/powerlift.dk\/de\/wp-json\/wp\/v2\/pages\/4064\/revisions\/4143"}],"wp:attachment":[{"href":"https:\/\/powerlift.dk\/de\/wp-json\/wp\/v2\/media?parent=4064"}],"wp:term":[{"taxonomy":"category","embeddable":true,"href":"https:\/\/powerlift.dk\/de\/wp-json\/wp\/v2\/categories?post=4064"}],"curies":[{"name":"wp","href":"https:\/\/api.w.org\/{rel}","templated":true}]}}