{"id":4047,"date":"2021-12-13T13:01:57","date_gmt":"2021-12-13T12:01:57","guid":{"rendered":"https:\/\/powerlift.dk\/haeve-saenkebord-til-industri\/"},"modified":"2022-04-27T16:20:33","modified_gmt":"2022-04-27T14:20:33","slug":"haeve-saenkebord-til-industri","status":"publish","type":"page","link":"https:\/\/powerlift.dk\/de\/haeve-saenkebord-til-industri\/","title":{"rendered":"H\u00e6ve s\u00e6nkebord til industri"},"content":{"rendered":"<section class=\"wpb-content-wrapper\"><p>[vc_row full_width=&#8220;stretch_row&#8220; css=&#8220;.vc_custom_1651063549914{background-color: #464646 !important;}&#8220;][vc_column]<div class=\"ult-spacer spacer-69e7a8da31544\" data-id=\"69e7a8da31544\" data-height=\"90\" data-height-mobile=\"60\" data-height-tab=\"90\" data-height-tab-portrait=\"60\" data-height-mobile-landscape=\"60\" style=\"clear:both;display:block;\"><\/div>[vc_row_inner][vc_column_inner el_class=&#8220;white&#8220; width=&#8220;1\/2&#8243;][vc_column_text]<\/p>\n<h2>H\u00e6ve s\u00e6nkebord til industri giver optimale arbejdsbetingelser<\/h2>\n<p>Har du en virksomhed i Danmark, hvor I har brug for et h\u00e6ve s\u00e6nkebord til industri? Hos Power-Lift har vi et h\u00e6ve-s\u00e6nkebord til industri, som skaber de optimale arbejdsbetingelser.<\/p>\n<p>Kan en medarbejder ikke arbejde i den rette position, kan det v\u00e6re s\u00e6rdeles uhensigtsm\u00e6ssigt. Med et justerbart bord kan du indstille det, som du har lyst, s\u00e5ledes at du sidder perfekt.<\/p>\n<p>Vi har mange \u00e5rs erfaring med at designe og udvikle de helt rette l\u00f8sninger, som vores kunder eftersp\u00f8rger. Skal du bruge et stabilt arbejdsbord, der kan h\u00e6ves og s\u00e6nkes efter behov, har vi det helt rette bord til dig.<\/p>\n<p>Vi tilbyder h\u00e6ve-s\u00e6nkebord til industri til konkurrencedygtige priser.[\/vc_column_text]<div class=\"ult-spacer spacer-69e7a8da31594\" data-id=\"69e7a8da31594\" data-height=\"0\" data-height-mobile=\"15\" data-height-tab=\"0\" data-height-tab-portrait=\"0\" data-height-mobile-landscape=\"15\" style=\"clear:both;display:block;\"><\/div>[\/vc_column_inner][vc_column_inner el_class=&#8220;white&#8220; width=&#8220;1\/2&#8243;][vc_column_text]<\/p>\n<h3>Professionelt h\u00e6ve s\u00e6nkebord til industri<\/h3>\n<p>I arbejds\u00f8jemed i industrien kan der forekomme situationer, hvor det vil v\u00e6re praktisk at have et fleksibelt arbejdsbord, der kan indstilles helt unikt til de p\u00e5g\u00e6ldende arbejdsopgaver.<\/p>\n<p>St\u00e5r du meget op, og har du behov for, at der kan placeres tunge objekter p\u00e5 bordet?\u200b<\/p>\n<p>Med et slidst\u00e6rkt og robust h\u00e6ve s\u00e6nkebord til industri kan du f\u00e5 et bord, der bliver en hj\u00e6lpsom arbejdspartner og faktisk hj\u00e6lper dig til at v\u00e6re mere effektiv og f\u00e5 mere fra h\u00e5nden.<\/p>\n<p>Ved at befinde dig i stillinger, der er ergonomisk korrekte, f\u00e5r du et sundere arbejdsliv. F\u00e5 derfor et bord, der passer n\u00f8jagtige til dig &#8211; k\u00f8b et h\u00e6ve s\u00e6nkebord i h\u00f8j kvalitet.[\/vc_column_text][\/vc_column_inner][\/vc_row_inner]<div class=\"ult-spacer spacer-69e7a8da315b9\" data-id=\"69e7a8da315b9\" data-height=\"90\" data-height-mobile=\"60\" data-height-tab=\"90\" data-height-tab-portrait=\"60\" data-height-mobile-landscape=\"60\" style=\"clear:both;display:block;\"><\/div>[\/vc_column][\/vc_row][vc_row full_width=&#8220;stretch_row&#8220; css_animation=&#8220;fadeInUp&#8220; css=&#8220;.vc_custom_1639554052098{background-color: #eeeeee !important;}&#8220;][vc_column]<div class=\"ult-spacer spacer-69e7a8da315d8\" data-id=\"69e7a8da315d8\" data-height=\"90\" data-height-mobile=\"60\" data-height-tab=\"90\" data-height-tab-portrait=\"60\" data-height-mobile-landscape=\"60\" style=\"clear:both;display:block;\"><\/div>[vc_row_inner][vc_column_inner offset=&#8220;vc_col-lg-6 vc_col-md-6 vc_col-xs-12&#8243;][vc_column_text]<\/p>\n<h3>Bestil dine h\u00e6ve s\u00e6nkeborder her<\/h3>\n<p>Skal vi se p\u00e5 en funktionel h\u00e6ve s\u00e6nkebord til dig, er du velkommen til at kontakte os for at h\u00f8re mere om dine muligheder.<\/p>\n<p>Vi har altid en kompetent og erfaren r\u00e5dgiver, der kan hj\u00e6lpe dig med at finde den rette sakselift til dig.<\/p>\n<p>Kontakt os p\u00e5 telefon <a href=\"tel:98231511\">(+45) 98 23 15 11<\/a> allerede i dag. Du er ogs\u00e5 velkommen til at skrive til os p\u00e5 <a href=\"mailto:powerlift@mail.dk\">powerlift@mail.dk<\/a>. Vi har altid en dygtig konsulent, der kan hj\u00e6lpe dig.\u200b\u200b[\/vc_column_text]<div class=\"ult-spacer spacer-69e7a8da31604\" data-id=\"69e7a8da31604\" data-height=\"0\" data-height-mobile=\"30\" data-height-tab=\"0\" data-height-tab-portrait=\"30\" data-height-mobile-landscape=\"30\" style=\"clear:both;display:block;\"><\/div>[\/vc_column_inner][vc_column_inner offset=&#8220;vc_col-lg-6 vc_col-md-6 vc_col-xs-12&#8243;][vc_column_text]<\/p>\n<h3>Skriv til os<\/h3>\n<p>[\/vc_column_text][vc_empty_space height=&#8220;15px&#8220;][vc_raw_html]W2Zvcm1pbmF0b3JfZm9ybSBpZD0iNDA3MCJd[\/vc_raw_html][\/vc_column_inner][\/vc_row_inner]<div class=\"ult-spacer spacer-69e7a8da31643\" data-id=\"69e7a8da31643\" data-height=\"90\" data-height-mobile=\"60\" data-height-tab=\"90\" data-height-tab-portrait=\"60\" data-height-mobile-landscape=\"60\" style=\"clear:both;display:block;\"><\/div>[\/vc_column][\/vc_row]<\/p>\n<\/section>","protected":false},"excerpt":{"rendered":"<p>Vi har mange \u00e5rs erfaring med at designe og udvikle de helt rette l\u00f8sninger.<\/p>\n","protected":false},"author":1,"featured_media":0,"parent":0,"menu_order":0,"comment_status":"closed","ping_status":"closed","template":"","meta":{"footnotes":""},"categories":[],"acf":[],"yoast_head":"<!-- This site is optimized with the Yoast SEO plugin v20.10 - https:\/\/yoast.com\/wordpress\/plugins\/seo\/ -->\n<title>H\u00e6ve s\u00e6nkebord til industri &middot; Powerlift<\/title>\n<meta name=\"robots\" content=\"index, follow, max-snippet:-1, max-image-preview:large, max-video-preview:-1\" \/>\n<link rel=\"canonical\" href=\"http:\/\/powerlift.dk\/haeve-saenkebord-til-industri\/\" \/>\n<meta property=\"og:locale\" content=\"de_DE\" \/>\n<meta property=\"og:type\" content=\"article\" \/>\n<meta property=\"og:title\" content=\"H\u00e6ve s\u00e6nkebord til industri &middot; Powerlift\" \/>\n<meta property=\"og:description\" content=\"Vi har mange \u00e5rs erfaring med at designe og udvikle de helt rette l\u00f8sninger.\" \/>\n<meta property=\"og:url\" content=\"http:\/\/powerlift.dk\/haeve-saenkebord-til-industri\/\" \/>\n<meta property=\"og:site_name\" content=\"Powerlift\" \/>\n<meta property=\"article:modified_time\" content=\"2022-04-27T14:20:33+00:00\" \/>\n<meta name=\"twitter:card\" content=\"summary_large_image\" \/>\n<meta name=\"twitter:label1\" content=\"Gesch\u00e4tzte Lesezeit\" \/>\n\t<meta name=\"twitter:data1\" content=\"3\u00a0Minuten\" \/>\n<script type=\"application\/ld+json\" class=\"yoast-schema-graph\">{\"@context\":\"https:\/\/schema.org\",\"@graph\":[{\"@type\":\"WebPage\",\"@id\":\"http:\/\/powerlift.dk\/haeve-saenkebord-til-industri\/\",\"url\":\"http:\/\/powerlift.dk\/haeve-saenkebord-til-industri\/\",\"name\":\"H\u00e6ve s\u00e6nkebord til industri &middot; Powerlift\",\"isPartOf\":{\"@id\":\"http:\/\/powerlift.dk\/#website\"},\"datePublished\":\"2021-12-13T12:01:57+00:00\",\"dateModified\":\"2022-04-27T14:20:33+00:00\",\"breadcrumb\":{\"@id\":\"http:\/\/powerlift.dk\/haeve-saenkebord-til-industri\/#breadcrumb\"},\"inLanguage\":\"de\",\"potentialAction\":[{\"@type\":\"ReadAction\",\"target\":[\"http:\/\/powerlift.dk\/haeve-saenkebord-til-industri\/\"]}]},{\"@type\":\"BreadcrumbList\",\"@id\":\"http:\/\/powerlift.dk\/haeve-saenkebord-til-industri\/#breadcrumb\",\"itemListElement\":[{\"@type\":\"ListItem\",\"position\":1,\"name\":\"Hjem\",\"item\":\"http:\/\/powerlift.dk\/de\/\"},{\"@type\":\"ListItem\",\"position\":2,\"name\":\"H\u00e6ve s\u00e6nkebord til industri\"}]},{\"@type\":\"WebSite\",\"@id\":\"http:\/\/powerlift.dk\/#website\",\"url\":\"http:\/\/powerlift.dk\/\",\"name\":\"Powerlift\",\"description\":\"Powerlift, sakselift, multilift og l\u00f8fteborde\",\"publisher\":{\"@id\":\"http:\/\/powerlift.dk\/#organization\"},\"potentialAction\":[{\"@type\":\"SearchAction\",\"target\":{\"@type\":\"EntryPoint\",\"urlTemplate\":\"http:\/\/powerlift.dk\/?s={search_term_string}\"},\"query-input\":\"required name=search_term_string\"}],\"inLanguage\":\"de\"},{\"@type\":\"Organization\",\"@id\":\"http:\/\/powerlift.dk\/#organization\",\"name\":\"Powerlift\",\"url\":\"http:\/\/powerlift.dk\/\",\"logo\":{\"@type\":\"ImageObject\",\"inLanguage\":\"de\",\"@id\":\"http:\/\/powerlift.dk\/#\/schema\/logo\/image\/\",\"url\":\"https:\/\/powerlift.dk\/wp-content\/uploads\/2021\/12\/logo-2-11.png\",\"contentUrl\":\"https:\/\/powerlift.dk\/wp-content\/uploads\/2021\/12\/logo-2-11.png\",\"width\":230,\"height\":72,\"caption\":\"Powerlift\"},\"image\":{\"@id\":\"http:\/\/powerlift.dk\/#\/schema\/logo\/image\/\"}}]}<\/script>\n<!-- \/ Yoast SEO plugin. -->","yoast_head_json":{"title":"H\u00e6ve s\u00e6nkebord til industri &middot; Powerlift","robots":{"index":"index","follow":"follow","max-snippet":"max-snippet:-1","max-image-preview":"max-image-preview:large","max-video-preview":"max-video-preview:-1"},"canonical":"http:\/\/powerlift.dk\/haeve-saenkebord-til-industri\/","og_locale":"de_DE","og_type":"article","og_title":"H\u00e6ve s\u00e6nkebord til industri &middot; Powerlift","og_description":"Vi har mange \u00e5rs erfaring med at designe og udvikle de helt rette l\u00f8sninger.","og_url":"http:\/\/powerlift.dk\/haeve-saenkebord-til-industri\/","og_site_name":"Powerlift","article_modified_time":"2022-04-27T14:20:33+00:00","twitter_card":"summary_large_image","twitter_misc":{"Gesch\u00e4tzte Lesezeit":"3\u00a0Minuten"},"schema":{"@context":"https:\/\/schema.org","@graph":[{"@type":"WebPage","@id":"http:\/\/powerlift.dk\/haeve-saenkebord-til-industri\/","url":"http:\/\/powerlift.dk\/haeve-saenkebord-til-industri\/","name":"H\u00e6ve s\u00e6nkebord til industri &middot; Powerlift","isPartOf":{"@id":"http:\/\/powerlift.dk\/#website"},"datePublished":"2021-12-13T12:01:57+00:00","dateModified":"2022-04-27T14:20:33+00:00","breadcrumb":{"@id":"http:\/\/powerlift.dk\/haeve-saenkebord-til-industri\/#breadcrumb"},"inLanguage":"de","potentialAction":[{"@type":"ReadAction","target":["http:\/\/powerlift.dk\/haeve-saenkebord-til-industri\/"]}]},{"@type":"BreadcrumbList","@id":"http:\/\/powerlift.dk\/haeve-saenkebord-til-industri\/#breadcrumb","itemListElement":[{"@type":"ListItem","position":1,"name":"Hjem","item":"http:\/\/powerlift.dk\/de\/"},{"@type":"ListItem","position":2,"name":"H\u00e6ve s\u00e6nkebord til industri"}]},{"@type":"WebSite","@id":"http:\/\/powerlift.dk\/#website","url":"http:\/\/powerlift.dk\/","name":"Powerlift","description":"Powerlift, sakselift, multilift og l\u00f8fteborde","publisher":{"@id":"http:\/\/powerlift.dk\/#organization"},"potentialAction":[{"@type":"SearchAction","target":{"@type":"EntryPoint","urlTemplate":"http:\/\/powerlift.dk\/?s={search_term_string}"},"query-input":"required name=search_term_string"}],"inLanguage":"de"},{"@type":"Organization","@id":"http:\/\/powerlift.dk\/#organization","name":"Powerlift","url":"http:\/\/powerlift.dk\/","logo":{"@type":"ImageObject","inLanguage":"de","@id":"http:\/\/powerlift.dk\/#\/schema\/logo\/image\/","url":"https:\/\/powerlift.dk\/wp-content\/uploads\/2021\/12\/logo-2-11.png","contentUrl":"https:\/\/powerlift.dk\/wp-content\/uploads\/2021\/12\/logo-2-11.png","width":230,"height":72,"caption":"Powerlift"},"image":{"@id":"http:\/\/powerlift.dk\/#\/schema\/logo\/image\/"}}]}},"_links":{"self":[{"href":"https:\/\/powerlift.dk\/de\/wp-json\/wp\/v2\/pages\/4047"}],"collection":[{"href":"https:\/\/powerlift.dk\/de\/wp-json\/wp\/v2\/pages"}],"about":[{"href":"https:\/\/powerlift.dk\/de\/wp-json\/wp\/v2\/types\/page"}],"author":[{"embeddable":true,"href":"https:\/\/powerlift.dk\/de\/wp-json\/wp\/v2\/users\/1"}],"replies":[{"embeddable":true,"href":"https:\/\/powerlift.dk\/de\/wp-json\/wp\/v2\/comments?post=4047"}],"version-history":[{"count":7,"href":"https:\/\/powerlift.dk\/de\/wp-json\/wp\/v2\/pages\/4047\/revisions"}],"predecessor-version":[{"id":4134,"href":"https:\/\/powerlift.dk\/de\/wp-json\/wp\/v2\/pages\/4047\/revisions\/4134"}],"wp:attachment":[{"href":"https:\/\/powerlift.dk\/de\/wp-json\/wp\/v2\/media?parent=4047"}],"wp:term":[{"taxonomy":"category","embeddable":true,"href":"https:\/\/powerlift.dk\/de\/wp-json\/wp\/v2\/categories?post=4047"}],"curies":[{"name":"wp","href":"https:\/\/api.w.org\/{rel}","templated":true}]}}