{"id":4038,"date":"2021-12-13T13:05:19","date_gmt":"2021-12-13T12:05:19","guid":{"rendered":"https:\/\/powerlift.dk\/zusatzausruestung\/"},"modified":"2022-09-15T08:20:20","modified_gmt":"2022-09-15T06:20:20","slug":"zusatzausruestung","status":"publish","type":"page","link":"https:\/\/powerlift.dk\/de\/zusatzausruestung\/","title":{"rendered":"Zusatzausr\u00fcstung"},"content":{"rendered":"<section class=\"wpb-content-wrapper\"><p>[vc_row full_width=&#8220;stretch_row&#8220; css_animation=&#8220;fadeIn&#8220;][vc_column]<div class=\"ult-spacer spacer-69eced067eaeb\" data-id=\"69eced067eaeb\" data-height=\"90\" data-height-mobile=\"60\" data-height-tab=\"90\" data-height-tab-portrait=\"60\" data-height-mobile-landscape=\"60\" style=\"clear:both;display:block;\"><\/div>[vc_column_text]<\/p>\n<h2>Zusatzausr\u00fcstung<\/h2>\n<p>[\/vc_column_text][vc_empty_space height=&#8220;15px&#8220;][vc_row_inner][vc_column_inner width=&#8220;1\/2&#8243;][vc_column_text]<\/p>\n<h3>In vielf\u00e4ltiger Auswahl f\u00fcr unterschiedlichste Anwendungsm\u00f6glichkeiten&#8230;<\/h3>\n<ul>\n<li>Tischplatte \u00c4nderung<\/li>\n<li>El-H\u00f6henstop<\/li>\n<li>Fusschalter<\/li>\n<li>Extra Bedienungskasten evt. mit Sch\u00fcssel<\/li>\n<li>Drehplatte mit Elektromechanische Verriegelung der Drehplatte<\/li>\n<li>Aut. Abfahrstop<\/li>\n<li>Untergestell f\u00fcr Gabelhubwagen<\/li>\n<li>Gewindefuss f\u00fcr Bauh\u00f6he<\/li>\n<li>Kran\u00f6sen<\/li>\n<li>Wartungluke<\/li>\n<\/ul>\n<p>[\/vc_column_text]<div class=\"ult-spacer spacer-69eced067eb55\" data-id=\"69eced067eb55\" data-height=\"0\" data-height-mobile=\"30\" data-height-tab=\"0\" data-height-tab-portrait=\"0\" data-height-mobile-landscape=\"30\" style=\"clear:both;display:block;\"><\/div>[\/vc_column_inner][vc_column_inner width=&#8220;1\/2&#8243;][vc_column_text]<\/p>\n<h3>Oberfl\u00e4che<\/h3>\n<p>Die Hebeb\u00fchnen werden Standard mit einem 2-Komponenten Acryl harzlack, in der Farbe blau RAL 5015 lackiert.<br \/>\nTechnische \u00c4nderungen vorbehalten.<\/p>\n<h3>Dokumentation<\/h3>\n<p>Eine vollst\u00e4ndige Bedienungsanleitung einschlie\u00dflich Diagrammen, Explosionszeichnungen und Ersatzteillisten werden jeder Hebeb\u00fchne beigef\u00fcgt. Auf der Vorderseite ist eine individuelle Produktinformation f\u00fcr einfache Identifikation.[\/vc_column_text][\/vc_column_inner][\/vc_row_inner]<div class=\"ult-spacer spacer-69eced067eb9e\" data-id=\"69eced067eb9e\" data-height=\"90\" data-height-mobile=\"60\" data-height-tab=\"90\" data-height-tab-portrait=\"60\" data-height-mobile-landscape=\"60\" style=\"clear:both;display:block;\"><\/div>[\/vc_column][\/vc_row][vc_row full_width=&#8220;stretch_row_content&#8220; css=&#8220;.vc_custom_1639555003164{background-color: #eeeeee !important;}&#8220;][vc_column width=&#8220;1\/6&#8243;][\/vc_column][vc_column css_animation=&#8220;fadeInUp&#8220; width=&#8220;2\/3&#8243;]<div class=\"ult-spacer spacer-69eced067ebd5\" data-id=\"69eced067ebd5\" data-height=\"90\" data-height-mobile=\"60\" data-height-tab=\"90\" data-height-tab-portrait=\"60\" data-height-mobile-landscape=\"60\" style=\"clear:both;display:block;\"><\/div>[vc_media_grid style=&#8220;load-more&#8220; items_per_page=&#8220;4&#8243; element_width=&#8220;3&#8243; btn_title=&#8220;Vis flere&#8220; btn_style=&#8220;custom&#8220; btn_custom_background=&#8220;#464646&#8243; btn_custom_text=&#8220;#fec648&#8243; btn_shape=&#8220;square&#8220; btn_size=&#8220;xs&#8220; grid_id=&#8220;vc_gid:1663222814559-8ece034d-e23a-2&#8243; include=&#8220;3126,3125,3124,3123,3122,3121&#8243;]<div class=\"ult-spacer spacer-69eced067ec0b\" data-id=\"69eced067ec0b\" data-height=\"90\" data-height-mobile=\"60\" data-height-tab=\"90\" data-height-tab-portrait=\"60\" data-height-mobile-landscape=\"60\" style=\"clear:both;display:block;\"><\/div>[\/vc_column][vc_column width=&#8220;1\/6&#8243;][\/vc_column][\/vc_row]<\/p>\n<\/section>","protected":false},"excerpt":{"rendered":"<p>In vielf\u00e4ltiger Auswahl.<\/p>\n","protected":false},"author":1,"featured_media":0,"parent":0,"menu_order":0,"comment_status":"closed","ping_status":"closed","template":"","meta":{"footnotes":""},"categories":[],"acf":[],"yoast_head":"<!-- This site is optimized with the Yoast SEO plugin v20.10 - https:\/\/yoast.com\/wordpress\/plugins\/seo\/ -->\n<title>Zusatzausr\u00fcstung &middot; Powerlift<\/title>\n<meta name=\"robots\" content=\"index, follow, max-snippet:-1, max-image-preview:large, max-video-preview:-1\" \/>\n<link rel=\"canonical\" href=\"http:\/\/powerlift.dk\/de\/zusatzausruestung\/\" \/>\n<meta property=\"og:locale\" content=\"de_DE\" \/>\n<meta property=\"og:type\" content=\"article\" \/>\n<meta property=\"og:title\" content=\"Zusatzausr\u00fcstung &middot; Powerlift\" \/>\n<meta property=\"og:description\" content=\"In vielf\u00e4ltiger Auswahl.\" \/>\n<meta property=\"og:url\" content=\"http:\/\/powerlift.dk\/de\/zusatzausruestung\/\" \/>\n<meta property=\"og:site_name\" content=\"Powerlift\" \/>\n<meta property=\"article:modified_time\" content=\"2022-09-15T06:20:20+00:00\" \/>\n<meta name=\"twitter:card\" content=\"summary_large_image\" \/>\n<meta name=\"twitter:label1\" content=\"Gesch\u00e4tzte Lesezeit\" \/>\n\t<meta name=\"twitter:data1\" content=\"2\u00a0Minuten\" \/>\n<script type=\"application\/ld+json\" class=\"yoast-schema-graph\">{\"@context\":\"https:\/\/schema.org\",\"@graph\":[{\"@type\":\"WebPage\",\"@id\":\"http:\/\/powerlift.dk\/de\/zusatzausruestung\/\",\"url\":\"http:\/\/powerlift.dk\/de\/zusatzausruestung\/\",\"name\":\"Zusatzausr\u00fcstung &middot; Powerlift\",\"isPartOf\":{\"@id\":\"http:\/\/powerlift.dk\/#website\"},\"datePublished\":\"2021-12-13T12:05:19+00:00\",\"dateModified\":\"2022-09-15T06:20:20+00:00\",\"breadcrumb\":{\"@id\":\"http:\/\/powerlift.dk\/de\/zusatzausruestung\/#breadcrumb\"},\"inLanguage\":\"de\",\"potentialAction\":[{\"@type\":\"ReadAction\",\"target\":[\"http:\/\/powerlift.dk\/de\/zusatzausruestung\/\"]}]},{\"@type\":\"BreadcrumbList\",\"@id\":\"http:\/\/powerlift.dk\/de\/zusatzausruestung\/#breadcrumb\",\"itemListElement\":[{\"@type\":\"ListItem\",\"position\":1,\"name\":\"Hjem\",\"item\":\"https:\/\/powerlift.dk\/de\/\"},{\"@type\":\"ListItem\",\"position\":2,\"name\":\"Zusatzausr\u00fcstung\"}]},{\"@type\":\"WebSite\",\"@id\":\"http:\/\/powerlift.dk\/#website\",\"url\":\"http:\/\/powerlift.dk\/\",\"name\":\"Powerlift\",\"description\":\"Powerlift, sakselift, multilift og l\u00f8fteborde\",\"publisher\":{\"@id\":\"http:\/\/powerlift.dk\/#organization\"},\"potentialAction\":[{\"@type\":\"SearchAction\",\"target\":{\"@type\":\"EntryPoint\",\"urlTemplate\":\"http:\/\/powerlift.dk\/?s={search_term_string}\"},\"query-input\":\"required name=search_term_string\"}],\"inLanguage\":\"de\"},{\"@type\":\"Organization\",\"@id\":\"http:\/\/powerlift.dk\/#organization\",\"name\":\"Powerlift\",\"url\":\"http:\/\/powerlift.dk\/\",\"logo\":{\"@type\":\"ImageObject\",\"inLanguage\":\"de\",\"@id\":\"http:\/\/powerlift.dk\/#\/schema\/logo\/image\/\",\"url\":\"https:\/\/powerlift.dk\/wp-content\/uploads\/2021\/12\/logo-2-11.png\",\"contentUrl\":\"https:\/\/powerlift.dk\/wp-content\/uploads\/2021\/12\/logo-2-11.png\",\"width\":230,\"height\":72,\"caption\":\"Powerlift\"},\"image\":{\"@id\":\"http:\/\/powerlift.dk\/#\/schema\/logo\/image\/\"}}]}<\/script>\n<!-- \/ Yoast SEO plugin. -->","yoast_head_json":{"title":"Zusatzausr\u00fcstung &middot; Powerlift","robots":{"index":"index","follow":"follow","max-snippet":"max-snippet:-1","max-image-preview":"max-image-preview:large","max-video-preview":"max-video-preview:-1"},"canonical":"http:\/\/powerlift.dk\/de\/zusatzausruestung\/","og_locale":"de_DE","og_type":"article","og_title":"Zusatzausr\u00fcstung &middot; Powerlift","og_description":"In vielf\u00e4ltiger Auswahl.","og_url":"http:\/\/powerlift.dk\/de\/zusatzausruestung\/","og_site_name":"Powerlift","article_modified_time":"2022-09-15T06:20:20+00:00","twitter_card":"summary_large_image","twitter_misc":{"Gesch\u00e4tzte Lesezeit":"2\u00a0Minuten"},"schema":{"@context":"https:\/\/schema.org","@graph":[{"@type":"WebPage","@id":"http:\/\/powerlift.dk\/de\/zusatzausruestung\/","url":"http:\/\/powerlift.dk\/de\/zusatzausruestung\/","name":"Zusatzausr\u00fcstung &middot; Powerlift","isPartOf":{"@id":"http:\/\/powerlift.dk\/#website"},"datePublished":"2021-12-13T12:05:19+00:00","dateModified":"2022-09-15T06:20:20+00:00","breadcrumb":{"@id":"http:\/\/powerlift.dk\/de\/zusatzausruestung\/#breadcrumb"},"inLanguage":"de","potentialAction":[{"@type":"ReadAction","target":["http:\/\/powerlift.dk\/de\/zusatzausruestung\/"]}]},{"@type":"BreadcrumbList","@id":"http:\/\/powerlift.dk\/de\/zusatzausruestung\/#breadcrumb","itemListElement":[{"@type":"ListItem","position":1,"name":"Hjem","item":"https:\/\/powerlift.dk\/de\/"},{"@type":"ListItem","position":2,"name":"Zusatzausr\u00fcstung"}]},{"@type":"WebSite","@id":"http:\/\/powerlift.dk\/#website","url":"http:\/\/powerlift.dk\/","name":"Powerlift","description":"Powerlift, sakselift, multilift og l\u00f8fteborde","publisher":{"@id":"http:\/\/powerlift.dk\/#organization"},"potentialAction":[{"@type":"SearchAction","target":{"@type":"EntryPoint","urlTemplate":"http:\/\/powerlift.dk\/?s={search_term_string}"},"query-input":"required name=search_term_string"}],"inLanguage":"de"},{"@type":"Organization","@id":"http:\/\/powerlift.dk\/#organization","name":"Powerlift","url":"http:\/\/powerlift.dk\/","logo":{"@type":"ImageObject","inLanguage":"de","@id":"http:\/\/powerlift.dk\/#\/schema\/logo\/image\/","url":"https:\/\/powerlift.dk\/wp-content\/uploads\/2021\/12\/logo-2-11.png","contentUrl":"https:\/\/powerlift.dk\/wp-content\/uploads\/2021\/12\/logo-2-11.png","width":230,"height":72,"caption":"Powerlift"},"image":{"@id":"http:\/\/powerlift.dk\/#\/schema\/logo\/image\/"}}]}},"_links":{"self":[{"href":"https:\/\/powerlift.dk\/de\/wp-json\/wp\/v2\/pages\/4038"}],"collection":[{"href":"https:\/\/powerlift.dk\/de\/wp-json\/wp\/v2\/pages"}],"about":[{"href":"https:\/\/powerlift.dk\/de\/wp-json\/wp\/v2\/types\/page"}],"author":[{"embeddable":true,"href":"https:\/\/powerlift.dk\/de\/wp-json\/wp\/v2\/users\/1"}],"replies":[{"embeddable":true,"href":"https:\/\/powerlift.dk\/de\/wp-json\/wp\/v2\/comments?post=4038"}],"version-history":[{"count":7,"href":"https:\/\/powerlift.dk\/de\/wp-json\/wp\/v2\/pages\/4038\/revisions"}],"predecessor-version":[{"id":4354,"href":"https:\/\/powerlift.dk\/de\/wp-json\/wp\/v2\/pages\/4038\/revisions\/4354"}],"wp:attachment":[{"href":"https:\/\/powerlift.dk\/de\/wp-json\/wp\/v2\/media?parent=4038"}],"wp:term":[{"taxonomy":"category","embeddable":true,"href":"https:\/\/powerlift.dk\/de\/wp-json\/wp\/v2\/categories?post=4038"}],"curies":[{"name":"wp","href":"https:\/\/api.w.org\/{rel}","templated":true}]}}