{"id":4026,"date":"2021-12-13T13:04:57","date_gmt":"2021-12-13T12:04:57","guid":{"rendered":"https:\/\/powerlift.dk\/spezialausfuehrungen\/"},"modified":"2022-09-07T08:39:49","modified_gmt":"2022-09-07T06:39:49","slug":"spezialausfuehrungen","status":"publish","type":"page","link":"https:\/\/powerlift.dk\/de\/spezialausfuehrungen\/","title":{"rendered":"Spezialausf\u00fchrungen"},"content":{"rendered":"<section class=\"wpb-content-wrapper\"><p>[vc_row full_width=&#8220;stretch_row&#8220; css_animation=&#8220;fadeIn&#8220;][vc_column]<div class=\"ult-spacer spacer-69eced47e5f6e\" data-id=\"69eced47e5f6e\" data-height=\"90\" data-height-mobile=\"60\" data-height-tab=\"90\" data-height-tab-portrait=\"60\" data-height-mobile-landscape=\"60\" style=\"clear:both;display:block;\"><\/div>[vc_column_text]<\/p>\n<h2>Spezialausf\u00fchrungen<\/h2>\n<p>[\/vc_column_text][vc_empty_space height=&#8220;30px&#8220;][vc_row_inner][vc_column_inner width=&#8220;1\/2&#8243;][vc_single_image image=&#8220;3131&#8243; img_size=&#8220;full&#8220; alignment=&#8220;center&#8220;][vc_empty_space height=&#8220;30px&#8220;][vc_column_text]<br \/>\nDiese 2-Tonnen Hebeb\u00fchne Typ EL20-150T30\u00ba mit bis zu 30\u00ba kippbarer Plattform wird beim schwedischen Milit\u00e4r und anderen NATO-L\u00e4ndern f\u00fcr Simulationszwecke der Torpedo-Steuerungssysteme benutzt.<br \/>\n[\/vc_column_text]<div class=\"ult-spacer spacer-69eced47e5fb0\" data-id=\"69eced47e5fb0\" data-height=\"0\" data-height-mobile=\"30\" data-height-tab=\"0\" data-height-tab-portrait=\"0\" data-height-mobile-landscape=\"30\" style=\"clear:both;display:block;\"><\/div>[\/vc_column_inner][vc_column_inner width=&#8220;1\/2&#8243;][vc_single_image image=&#8220;3127&#8243; img_size=&#8220;full&#8220; alignment=&#8220;center&#8220;][vc_empty_space height=&#8220;30px&#8220;][vc_column_text]<br \/>\nHebeb\u00fchne Typ E5-80T45\u00ba mit einer \u00fcber die L\u00e4ngsseite kippbaren Plattform.<br \/>\n[\/vc_column_text][\/vc_column_inner][\/vc_row_inner]<div class=\"ult-spacer spacer-69eced47e5fdd\" data-id=\"69eced47e5fdd\" data-height=\"90\" data-height-mobile=\"60\" data-height-tab=\"90\" data-height-tab-portrait=\"60\" data-height-mobile-landscape=\"60\" style=\"clear:both;display:block;\"><\/div>[\/vc_column][\/vc_row][vc_row full_width=&#8220;stretch_row&#8220; css_animation=&#8220;fadeInUp&#8220; css=&#8220;.vc_custom_1639554461118{background-color: #eeeeee !important;}&#8220;][vc_column]<div class=\"ult-spacer spacer-69eced47e5ffc\" data-id=\"69eced47e5ffc\" data-height=\"90\" data-height-mobile=\"60\" data-height-tab=\"90\" data-height-tab-portrait=\"60\" data-height-mobile-landscape=\"60\" style=\"clear:both;display:block;\"><\/div>[vc_row_inner][vc_column_inner offset=&#8220;vc_col-lg-6 vc_col-md-6 vc_col-xs-12&#8243;][vc_column_text]<\/p>\n<h3>Bestellen Sie hier Ihre Sondertypen<\/h3>\n<p>Sollten wir uns f\u00fcr Sie einen funktionalen Sondertyp ansehen, sprechen Sie uns gerne an, um mehr \u00fcber Ihre M\u00f6glichkeiten zu erfahren.<\/p>\n<p>Wir haben immer einen kompetenten und erfahrenen Berater, der Ihnen hilft, die richtige Scherenarbeitsb\u00fchne f\u00fcr Sie zu finden.<\/p>\n<p>Kontaktieren Sie uns noch heute telefonisch unter <a href=\"tel:98231511\">(+45) 98 23 15 11<\/a>. Sie k\u00f6nnen uns auch gerne unter <a href=\"mailto:info@powerlift.dk\">info@powerlift.dk<\/a> schreiben. Wir haben immer einen kompetenten Berater, der Ihnen helfen kann.\u200b\u200b[\/vc_column_text]<div class=\"ult-spacer spacer-69eced47e6019\" data-id=\"69eced47e6019\" data-height=\"0\" data-height-mobile=\"30\" data-height-tab=\"0\" data-height-tab-portrait=\"30\" data-height-mobile-landscape=\"30\" style=\"clear:both;display:block;\"><\/div>[\/vc_column_inner][vc_column_inner offset=&#8220;vc_col-lg-6 vc_col-md-6 vc_col-xs-12&#8243;][vc_column_text]<\/p>\n<h3>Schreib uns<\/h3>\n<p>[\/vc_column_text][vc_empty_space height=&#8220;15px&#8220;][vc_raw_html]W2Zvcm1pbmF0b3JfZm9ybSBpZD0iNDA3MCJd[\/vc_raw_html][\/vc_column_inner][\/vc_row_inner]<div class=\"ult-spacer spacer-69eced47e6035\" data-id=\"69eced47e6035\" data-height=\"90\" data-height-mobile=\"60\" data-height-tab=\"90\" data-height-tab-portrait=\"60\" data-height-mobile-landscape=\"60\" style=\"clear:both;display:block;\"><\/div>[\/vc_column][\/vc_row]<\/p>\n<\/section>","protected":false},"excerpt":{"rendered":"<p>2-Tonnen Hebeb\u00fchne Typ EL20-150T30.<\/p>\n","protected":false},"author":1,"featured_media":0,"parent":0,"menu_order":0,"comment_status":"closed","ping_status":"closed","template":"","meta":{"footnotes":""},"categories":[],"acf":[],"yoast_head":"<!-- This site is optimized with the Yoast SEO plugin v20.10 - https:\/\/yoast.com\/wordpress\/plugins\/seo\/ -->\n<title>Spezialausf\u00fchrungen &middot; Powerlift<\/title>\n<meta name=\"robots\" content=\"index, follow, max-snippet:-1, max-image-preview:large, max-video-preview:-1\" \/>\n<link rel=\"canonical\" href=\"http:\/\/powerlift.dk\/specialtyper\/\" \/>\n<meta property=\"og:locale\" content=\"de_DE\" \/>\n<meta property=\"og:type\" content=\"article\" \/>\n<meta property=\"og:title\" content=\"Spezialausf\u00fchrungen &middot; Powerlift\" \/>\n<meta property=\"og:description\" content=\"2-Tonnen Hebeb\u00fchne Typ EL20-150T30.\" \/>\n<meta property=\"og:url\" content=\"http:\/\/powerlift.dk\/specialtyper\/\" \/>\n<meta property=\"og:site_name\" content=\"Powerlift\" \/>\n<meta property=\"article:modified_time\" content=\"2022-09-07T06:39:49+00:00\" \/>\n<meta name=\"twitter:card\" content=\"summary_large_image\" \/>\n<meta name=\"twitter:label1\" content=\"Gesch\u00e4tzte Lesezeit\" \/>\n\t<meta name=\"twitter:data1\" content=\"1\u00a0Minute\" \/>\n<script type=\"application\/ld+json\" class=\"yoast-schema-graph\">{\"@context\":\"https:\/\/schema.org\",\"@graph\":[{\"@type\":\"WebPage\",\"@id\":\"http:\/\/powerlift.dk\/specialtyper\/\",\"url\":\"http:\/\/powerlift.dk\/specialtyper\/\",\"name\":\"Spezialausf\u00fchrungen &middot; Powerlift\",\"isPartOf\":{\"@id\":\"http:\/\/powerlift.dk\/#website\"},\"datePublished\":\"2021-12-13T12:04:57+00:00\",\"dateModified\":\"2022-09-07T06:39:49+00:00\",\"breadcrumb\":{\"@id\":\"http:\/\/powerlift.dk\/specialtyper\/#breadcrumb\"},\"inLanguage\":\"de\",\"potentialAction\":[{\"@type\":\"ReadAction\",\"target\":[\"http:\/\/powerlift.dk\/specialtyper\/\"]}]},{\"@type\":\"BreadcrumbList\",\"@id\":\"http:\/\/powerlift.dk\/specialtyper\/#breadcrumb\",\"itemListElement\":[{\"@type\":\"ListItem\",\"position\":1,\"name\":\"Hjem\",\"item\":\"https:\/\/powerlift.dk\/de\/\"},{\"@type\":\"ListItem\",\"position\":2,\"name\":\"Spezialausf\u00fchrungen\"}]},{\"@type\":\"WebSite\",\"@id\":\"http:\/\/powerlift.dk\/#website\",\"url\":\"http:\/\/powerlift.dk\/\",\"name\":\"Powerlift\",\"description\":\"Powerlift, sakselift, multilift og l\u00f8fteborde\",\"publisher\":{\"@id\":\"http:\/\/powerlift.dk\/#organization\"},\"potentialAction\":[{\"@type\":\"SearchAction\",\"target\":{\"@type\":\"EntryPoint\",\"urlTemplate\":\"http:\/\/powerlift.dk\/?s={search_term_string}\"},\"query-input\":\"required name=search_term_string\"}],\"inLanguage\":\"de\"},{\"@type\":\"Organization\",\"@id\":\"http:\/\/powerlift.dk\/#organization\",\"name\":\"Powerlift\",\"url\":\"http:\/\/powerlift.dk\/\",\"logo\":{\"@type\":\"ImageObject\",\"inLanguage\":\"de\",\"@id\":\"http:\/\/powerlift.dk\/#\/schema\/logo\/image\/\",\"url\":\"https:\/\/powerlift.dk\/wp-content\/uploads\/2021\/12\/logo-2-11.png\",\"contentUrl\":\"https:\/\/powerlift.dk\/wp-content\/uploads\/2021\/12\/logo-2-11.png\",\"width\":230,\"height\":72,\"caption\":\"Powerlift\"},\"image\":{\"@id\":\"http:\/\/powerlift.dk\/#\/schema\/logo\/image\/\"}}]}<\/script>\n<!-- \/ Yoast SEO plugin. -->","yoast_head_json":{"title":"Spezialausf\u00fchrungen &middot; Powerlift","robots":{"index":"index","follow":"follow","max-snippet":"max-snippet:-1","max-image-preview":"max-image-preview:large","max-video-preview":"max-video-preview:-1"},"canonical":"http:\/\/powerlift.dk\/specialtyper\/","og_locale":"de_DE","og_type":"article","og_title":"Spezialausf\u00fchrungen &middot; Powerlift","og_description":"2-Tonnen Hebeb\u00fchne Typ EL20-150T30.","og_url":"http:\/\/powerlift.dk\/specialtyper\/","og_site_name":"Powerlift","article_modified_time":"2022-09-07T06:39:49+00:00","twitter_card":"summary_large_image","twitter_misc":{"Gesch\u00e4tzte Lesezeit":"1\u00a0Minute"},"schema":{"@context":"https:\/\/schema.org","@graph":[{"@type":"WebPage","@id":"http:\/\/powerlift.dk\/specialtyper\/","url":"http:\/\/powerlift.dk\/specialtyper\/","name":"Spezialausf\u00fchrungen &middot; Powerlift","isPartOf":{"@id":"http:\/\/powerlift.dk\/#website"},"datePublished":"2021-12-13T12:04:57+00:00","dateModified":"2022-09-07T06:39:49+00:00","breadcrumb":{"@id":"http:\/\/powerlift.dk\/specialtyper\/#breadcrumb"},"inLanguage":"de","potentialAction":[{"@type":"ReadAction","target":["http:\/\/powerlift.dk\/specialtyper\/"]}]},{"@type":"BreadcrumbList","@id":"http:\/\/powerlift.dk\/specialtyper\/#breadcrumb","itemListElement":[{"@type":"ListItem","position":1,"name":"Hjem","item":"https:\/\/powerlift.dk\/de\/"},{"@type":"ListItem","position":2,"name":"Spezialausf\u00fchrungen"}]},{"@type":"WebSite","@id":"http:\/\/powerlift.dk\/#website","url":"http:\/\/powerlift.dk\/","name":"Powerlift","description":"Powerlift, sakselift, multilift og l\u00f8fteborde","publisher":{"@id":"http:\/\/powerlift.dk\/#organization"},"potentialAction":[{"@type":"SearchAction","target":{"@type":"EntryPoint","urlTemplate":"http:\/\/powerlift.dk\/?s={search_term_string}"},"query-input":"required name=search_term_string"}],"inLanguage":"de"},{"@type":"Organization","@id":"http:\/\/powerlift.dk\/#organization","name":"Powerlift","url":"http:\/\/powerlift.dk\/","logo":{"@type":"ImageObject","inLanguage":"de","@id":"http:\/\/powerlift.dk\/#\/schema\/logo\/image\/","url":"https:\/\/powerlift.dk\/wp-content\/uploads\/2021\/12\/logo-2-11.png","contentUrl":"https:\/\/powerlift.dk\/wp-content\/uploads\/2021\/12\/logo-2-11.png","width":230,"height":72,"caption":"Powerlift"},"image":{"@id":"http:\/\/powerlift.dk\/#\/schema\/logo\/image\/"}}]}},"_links":{"self":[{"href":"https:\/\/powerlift.dk\/de\/wp-json\/wp\/v2\/pages\/4026"}],"collection":[{"href":"https:\/\/powerlift.dk\/de\/wp-json\/wp\/v2\/pages"}],"about":[{"href":"https:\/\/powerlift.dk\/de\/wp-json\/wp\/v2\/types\/page"}],"author":[{"embeddable":true,"href":"https:\/\/powerlift.dk\/de\/wp-json\/wp\/v2\/users\/1"}],"replies":[{"embeddable":true,"href":"https:\/\/powerlift.dk\/de\/wp-json\/wp\/v2\/comments?post=4026"}],"version-history":[{"count":8,"href":"https:\/\/powerlift.dk\/de\/wp-json\/wp\/v2\/pages\/4026\/revisions"}],"predecessor-version":[{"id":4286,"href":"https:\/\/powerlift.dk\/de\/wp-json\/wp\/v2\/pages\/4026\/revisions\/4286"}],"wp:attachment":[{"href":"https:\/\/powerlift.dk\/de\/wp-json\/wp\/v2\/media?parent=4026"}],"wp:term":[{"taxonomy":"category","embeddable":true,"href":"https:\/\/powerlift.dk\/de\/wp-json\/wp\/v2\/categories?post=4026"}],"curies":[{"name":"wp","href":"https:\/\/api.w.org\/{rel}","templated":true}]}}