{"id":4014,"date":"2021-12-13T13:04:12","date_gmt":"2021-12-13T12:04:12","guid":{"rendered":"https:\/\/powerlift.dk\/hubtische-aus-rostfreiem-stahl\/"},"modified":"2022-06-22T11:19:25","modified_gmt":"2022-06-22T09:19:25","slug":"hubtische-aus-rostfreiem-stahl","status":"publish","type":"page","link":"https:\/\/powerlift.dk\/de\/hubtische-aus-rostfreiem-stahl\/","title":{"rendered":"Hubtische aus Rostfreiem Stahl"},"content":{"rendered":"<section class=\"wpb-content-wrapper\"><p>[vc_row full_width=&#8220;stretch_row&#8220; css_animation=&#8220;fadeIn&#8220;][vc_column]<div class=\"ult-spacer spacer-69ecea10e9bf3\" data-id=\"69ecea10e9bf3\" data-height=\"90\" data-height-mobile=\"60\" data-height-tab=\"90\" data-height-tab-portrait=\"60\" data-height-mobile-landscape=\"60\" style=\"clear:both;display:block;\"><\/div>[vc_column_text]<\/p>\n<h2>Hubtische aus Rostfreiem Stahl<\/h2>\n<p>[\/vc_column_text][vc_empty_space height=&#8220;15px&#8220;][vc_row_inner][vc_column_inner width=&#8220;1\/2&#8243;][vc_column_text]&#8230;eventuell mit Feuerverzinkung kombiniert<\/p>\n<ul>\n<li>Einsetzbar in aggressiven Umgebungen (inkl. Chlor)<\/li>\n<li>Allseitig geschlossene Rohrkonstruktion<\/li>\n<li>Glasgestrahlte Oberfl\u00e4chen<\/li>\n<li>Geeignet f\u00fcr die Lebensmittelindustrie<\/li>\n<\/ul>\n<p>[\/vc_column_text]<div class=\"ult-spacer spacer-69ecea10e9c47\" data-id=\"69ecea10e9c47\" data-height=\"0\" data-height-mobile=\"30\" data-height-tab=\"0\" data-height-tab-portrait=\"0\" data-height-mobile-landscape=\"30\" style=\"clear:both;display:block;\"><\/div>[\/vc_column_inner][vc_column_inner width=&#8220;1\/2&#8243;][vc_single_image image=&#8220;3717&#8243; img_size=&#8220;large&#8220; alignment=&#8220;center&#8220;][\/vc_column_inner][\/vc_row_inner][vc_empty_space height=&#8220;30px&#8220;][vc_row_inner][vc_column_inner width=&#8220;1\/2&#8243;][vc_single_image image=&#8220;3929&#8243; img_size=&#8220;large&#8220; alignment=&#8220;center&#8220;][vc_empty_space height=&#8220;30px&#8220;][vc_column_text]<\/p>\n<p style=\"text-align: center;\">Ein 1200 kg. Hubtisch, Typ E12-125YSS mit speziallackiertem Standardzylinder aus Fe 510 und rostfreier hartverchromter Kolbenstange aus AISI 304.<\/p>\n<p>[\/vc_column_text]<div class=\"ult-spacer spacer-69ecea10e9c78\" data-id=\"69ecea10e9c78\" data-height=\"0\" data-height-mobile=\"30\" data-height-tab=\"0\" data-height-tab-portrait=\"0\" data-height-mobile-landscape=\"30\" style=\"clear:both;display:block;\"><\/div>[\/vc_column_inner][vc_column_inner width=&#8220;1\/2&#8243;][vc_single_image image=&#8220;3927&#8243; img_size=&#8220;large&#8220; alignment=&#8220;center&#8220;][vc_empty_space height=&#8220;30px&#8220;][vc_column_text]<\/p>\n<p style=\"text-align: center;\">F\u00fcr die Verarbeitung von P\u00f6kelfellen sind hier in einem Schlachthof eine Reihe von Hubtischen, Typ EL12-95SS, (Kapazit\u00e4t 1200 kg) eingebaut. Die schwierige Handhabung erfordert zu jeder Zeit eine korrekte Arbeitsh\u00f6he, um ein ausdauerndes und r\u00fcckenschonendes Arbeiten zu erm\u00f6glichen. Wegen der aggressiven Einsatzbedingungen durch Salz und Wasser kommt hier ausschlie\u00dflich Material der Qualit\u00e4t AISI 316 zum Einsatz.<\/p>\n<p>[\/vc_column_text][\/vc_column_inner][\/vc_row_inner]<div class=\"ult-spacer spacer-69ecea10e9c9c\" data-id=\"69ecea10e9c9c\" data-height=\"90\" data-height-mobile=\"60\" data-height-tab=\"90\" data-height-tab-portrait=\"60\" data-height-mobile-landscape=\"60\" style=\"clear:both;display:block;\"><\/div>[\/vc_column][\/vc_row][vc_row full_width=&#8220;stretch_row&#8220; css_animation=&#8220;fadeInUp&#8220; css=&#8220;.vc_custom_1639554394003{background-color: #eeeeee !important;}&#8220;][vc_column]<div class=\"ult-spacer spacer-69ecea10e9cbe\" data-id=\"69ecea10e9cbe\" data-height=\"90\" data-height-mobile=\"60\" data-height-tab=\"90\" data-height-tab-portrait=\"60\" data-height-mobile-landscape=\"60\" style=\"clear:both;display:block;\"><\/div>[vc_row_inner][vc_column_inner width=&#8220;1\/6&#8243;][\/vc_column_inner][vc_column_inner width=&#8220;2\/3&#8243;][vc_raw_html]JTVCdGFibGUlMjBpZCUzRDExJTIwcmVzcG9uc2l2ZV9icmVha3BvaW50JTNEJTIydGFibGV0JTIyJTIwJTJGJTVE[\/vc_raw_html][\/vc_column_inner][vc_column_inner width=&#8220;1\/6&#8243;][\/vc_column_inner][\/vc_row_inner]<div class=\"ult-spacer spacer-69ecea10e9cdd\" data-id=\"69ecea10e9cdd\" data-height=\"90\" data-height-mobile=\"60\" data-height-tab=\"90\" data-height-tab-portrait=\"60\" data-height-mobile-landscape=\"60\" style=\"clear:both;display:block;\"><\/div>[\/vc_column][\/vc_row]<\/p>\n<\/section>","protected":false},"excerpt":{"rendered":"<p>Einsetzbar in aggressiven Umgebungen<\/p>\n","protected":false},"author":1,"featured_media":0,"parent":0,"menu_order":0,"comment_status":"closed","ping_status":"closed","template":"","meta":{"footnotes":""},"categories":[],"acf":[],"yoast_head":"<!-- This site is optimized with the Yoast SEO plugin v20.10 - https:\/\/yoast.com\/wordpress\/plugins\/seo\/ -->\n<title>Hubtische aus Rostfreiem Stahl &middot; Powerlift<\/title>\n<meta name=\"robots\" content=\"index, follow, max-snippet:-1, max-image-preview:large, max-video-preview:-1\" \/>\n<link rel=\"canonical\" href=\"http:\/\/powerlift.dk\/de\/hubtische-aus-rostfreiem-stahl\/\" \/>\n<meta property=\"og:locale\" content=\"de_DE\" \/>\n<meta property=\"og:type\" content=\"article\" \/>\n<meta property=\"og:title\" content=\"Hubtische aus Rostfreiem Stahl &middot; Powerlift\" \/>\n<meta property=\"og:description\" content=\"Einsetzbar in aggressiven Umgebungen\" \/>\n<meta property=\"og:url\" content=\"http:\/\/powerlift.dk\/de\/hubtische-aus-rostfreiem-stahl\/\" \/>\n<meta property=\"og:site_name\" content=\"Powerlift\" \/>\n<meta property=\"article:modified_time\" content=\"2022-06-22T09:19:25+00:00\" \/>\n<meta name=\"twitter:card\" content=\"summary_large_image\" \/>\n<meta name=\"twitter:label1\" content=\"Gesch\u00e4tzte Lesezeit\" \/>\n\t<meta name=\"twitter:data1\" content=\"1\u00a0Minute\" \/>\n<script type=\"application\/ld+json\" class=\"yoast-schema-graph\">{\"@context\":\"https:\/\/schema.org\",\"@graph\":[{\"@type\":\"WebPage\",\"@id\":\"http:\/\/powerlift.dk\/de\/hubtische-aus-rostfreiem-stahl\/\",\"url\":\"http:\/\/powerlift.dk\/de\/hubtische-aus-rostfreiem-stahl\/\",\"name\":\"Hubtische aus Rostfreiem Stahl &middot; Powerlift\",\"isPartOf\":{\"@id\":\"http:\/\/powerlift.dk\/#website\"},\"datePublished\":\"2021-12-13T12:04:12+00:00\",\"dateModified\":\"2022-06-22T09:19:25+00:00\",\"breadcrumb\":{\"@id\":\"http:\/\/powerlift.dk\/de\/hubtische-aus-rostfreiem-stahl\/#breadcrumb\"},\"inLanguage\":\"de\",\"potentialAction\":[{\"@type\":\"ReadAction\",\"target\":[\"http:\/\/powerlift.dk\/de\/hubtische-aus-rostfreiem-stahl\/\"]}]},{\"@type\":\"BreadcrumbList\",\"@id\":\"http:\/\/powerlift.dk\/de\/hubtische-aus-rostfreiem-stahl\/#breadcrumb\",\"itemListElement\":[{\"@type\":\"ListItem\",\"position\":1,\"name\":\"Hjem\",\"item\":\"https:\/\/powerlift.dk\/de\/\"},{\"@type\":\"ListItem\",\"position\":2,\"name\":\"Hubtische aus Rostfreiem Stahl\"}]},{\"@type\":\"WebSite\",\"@id\":\"http:\/\/powerlift.dk\/#website\",\"url\":\"http:\/\/powerlift.dk\/\",\"name\":\"Powerlift\",\"description\":\"Powerlift, sakselift, multilift og l\u00f8fteborde\",\"publisher\":{\"@id\":\"http:\/\/powerlift.dk\/#organization\"},\"potentialAction\":[{\"@type\":\"SearchAction\",\"target\":{\"@type\":\"EntryPoint\",\"urlTemplate\":\"http:\/\/powerlift.dk\/?s={search_term_string}\"},\"query-input\":\"required name=search_term_string\"}],\"inLanguage\":\"de\"},{\"@type\":\"Organization\",\"@id\":\"http:\/\/powerlift.dk\/#organization\",\"name\":\"Powerlift\",\"url\":\"http:\/\/powerlift.dk\/\",\"logo\":{\"@type\":\"ImageObject\",\"inLanguage\":\"de\",\"@id\":\"http:\/\/powerlift.dk\/#\/schema\/logo\/image\/\",\"url\":\"https:\/\/powerlift.dk\/wp-content\/uploads\/2021\/12\/logo-2-11.png\",\"contentUrl\":\"https:\/\/powerlift.dk\/wp-content\/uploads\/2021\/12\/logo-2-11.png\",\"width\":230,\"height\":72,\"caption\":\"Powerlift\"},\"image\":{\"@id\":\"http:\/\/powerlift.dk\/#\/schema\/logo\/image\/\"}}]}<\/script>\n<!-- \/ Yoast SEO plugin. -->","yoast_head_json":{"title":"Hubtische aus Rostfreiem Stahl &middot; Powerlift","robots":{"index":"index","follow":"follow","max-snippet":"max-snippet:-1","max-image-preview":"max-image-preview:large","max-video-preview":"max-video-preview:-1"},"canonical":"http:\/\/powerlift.dk\/de\/hubtische-aus-rostfreiem-stahl\/","og_locale":"de_DE","og_type":"article","og_title":"Hubtische aus Rostfreiem Stahl &middot; Powerlift","og_description":"Einsetzbar in aggressiven Umgebungen","og_url":"http:\/\/powerlift.dk\/de\/hubtische-aus-rostfreiem-stahl\/","og_site_name":"Powerlift","article_modified_time":"2022-06-22T09:19:25+00:00","twitter_card":"summary_large_image","twitter_misc":{"Gesch\u00e4tzte Lesezeit":"1\u00a0Minute"},"schema":{"@context":"https:\/\/schema.org","@graph":[{"@type":"WebPage","@id":"http:\/\/powerlift.dk\/de\/hubtische-aus-rostfreiem-stahl\/","url":"http:\/\/powerlift.dk\/de\/hubtische-aus-rostfreiem-stahl\/","name":"Hubtische aus Rostfreiem Stahl &middot; Powerlift","isPartOf":{"@id":"http:\/\/powerlift.dk\/#website"},"datePublished":"2021-12-13T12:04:12+00:00","dateModified":"2022-06-22T09:19:25+00:00","breadcrumb":{"@id":"http:\/\/powerlift.dk\/de\/hubtische-aus-rostfreiem-stahl\/#breadcrumb"},"inLanguage":"de","potentialAction":[{"@type":"ReadAction","target":["http:\/\/powerlift.dk\/de\/hubtische-aus-rostfreiem-stahl\/"]}]},{"@type":"BreadcrumbList","@id":"http:\/\/powerlift.dk\/de\/hubtische-aus-rostfreiem-stahl\/#breadcrumb","itemListElement":[{"@type":"ListItem","position":1,"name":"Hjem","item":"https:\/\/powerlift.dk\/de\/"},{"@type":"ListItem","position":2,"name":"Hubtische aus Rostfreiem Stahl"}]},{"@type":"WebSite","@id":"http:\/\/powerlift.dk\/#website","url":"http:\/\/powerlift.dk\/","name":"Powerlift","description":"Powerlift, sakselift, multilift og l\u00f8fteborde","publisher":{"@id":"http:\/\/powerlift.dk\/#organization"},"potentialAction":[{"@type":"SearchAction","target":{"@type":"EntryPoint","urlTemplate":"http:\/\/powerlift.dk\/?s={search_term_string}"},"query-input":"required name=search_term_string"}],"inLanguage":"de"},{"@type":"Organization","@id":"http:\/\/powerlift.dk\/#organization","name":"Powerlift","url":"http:\/\/powerlift.dk\/","logo":{"@type":"ImageObject","inLanguage":"de","@id":"http:\/\/powerlift.dk\/#\/schema\/logo\/image\/","url":"https:\/\/powerlift.dk\/wp-content\/uploads\/2021\/12\/logo-2-11.png","contentUrl":"https:\/\/powerlift.dk\/wp-content\/uploads\/2021\/12\/logo-2-11.png","width":230,"height":72,"caption":"Powerlift"},"image":{"@id":"http:\/\/powerlift.dk\/#\/schema\/logo\/image\/"}}]}},"_links":{"self":[{"href":"https:\/\/powerlift.dk\/de\/wp-json\/wp\/v2\/pages\/4014"}],"collection":[{"href":"https:\/\/powerlift.dk\/de\/wp-json\/wp\/v2\/pages"}],"about":[{"href":"https:\/\/powerlift.dk\/de\/wp-json\/wp\/v2\/types\/page"}],"author":[{"embeddable":true,"href":"https:\/\/powerlift.dk\/de\/wp-json\/wp\/v2\/users\/1"}],"replies":[{"embeddable":true,"href":"https:\/\/powerlift.dk\/de\/wp-json\/wp\/v2\/comments?post=4014"}],"version-history":[{"count":6,"href":"https:\/\/powerlift.dk\/de\/wp-json\/wp\/v2\/pages\/4014\/revisions"}],"predecessor-version":[{"id":4253,"href":"https:\/\/powerlift.dk\/de\/wp-json\/wp\/v2\/pages\/4014\/revisions\/4253"}],"wp:attachment":[{"href":"https:\/\/powerlift.dk\/de\/wp-json\/wp\/v2\/media?parent=4014"}],"wp:term":[{"taxonomy":"category","embeddable":true,"href":"https:\/\/powerlift.dk\/de\/wp-json\/wp\/v2\/categories?post=4014"}],"curies":[{"name":"wp","href":"https:\/\/api.w.org\/{rel}","templated":true}]}}