{"id":4002,"date":"2021-12-13T13:00:03","date_gmt":"2021-12-13T12:00:03","guid":{"rendered":"https:\/\/powerlift.dk\/ueber-uns\/"},"modified":"2022-06-15T15:41:48","modified_gmt":"2022-06-15T13:41:48","slug":"ueber-uns","status":"publish","type":"page","link":"https:\/\/powerlift.dk\/de\/ueber-uns\/","title":{"rendered":"\u00dcber uns"},"content":{"rendered":"<section class=\"wpb-content-wrapper\"><p>[vc_row full_width=&#8220;stretch_row&#8220; css_animation=&#8220;fadeInUp&#8220;][vc_column]<div class=\"ult-spacer spacer-69ed0885ce343\" data-id=\"69ed0885ce343\" data-height=\"90\" data-height-mobile=\"60\" data-height-tab=\"90\" data-height-tab-portrait=\"60\" data-height-mobile-landscape=\"60\" style=\"clear:both;display:block;\"><\/div>[vc_row_inner][vc_column_inner offset=&#8220;vc_col-lg-8 vc_col-md-8 vc_col-xs-12&#8243;][vc_column_text]<\/p>\n<h2>\u00dcber uns<\/h2>\n<p>G. Power Lift Aps (GmbH) ist ein Familien Betrieb bei Brovst in D\u00e4nemark.<br \/>\nDas Unternehmen wurde 1976 von dem Maschinen-Ingenieur Erik Knudsen gegr\u00fcndet, der schon immer sehr gro\u00dfen Wert darauf gelegt hat, Sonderanfertigungen von Qualit\u00e4ts-Hebeb\u00fchnen herzustellen.\u200b<\/p>\n<p>Heute wird das Unternehmen G. Power Lift ApS in der 2. Generation von Thomas Christian Knudsen mit der gleichen Vision weiter gef\u00fchrt.<\/p>\n<p>Wir sind als ein zuverl\u00e4ssiger Partner mit einer gro\u00dfen Auswahl an Qualit\u00e4ts-Hebeb\u00fchnen f\u00fcr den industriellen Einsatz bekannt. Das wird auch von vielen wiederkehrenden und langj\u00e4hrigen Kunden in einem breiten Spektrum der Industrie best\u00e4tigt.<\/p>\n<p>Die Hebeb\u00fchnen werden prim\u00e4r aus D\u00e4nemark exportiert und sind mit mehr als 50.000 Einheiten durch die Jahre in ein gro\u00dfen Teil der Welt ausgeliefert worden.<br \/>\nDer Vertrieb erfolgt \u00fcber ein ausgew\u00e4hltes Netzwerk von talentierten Partnern.<\/p>\n<h3>\u200bVision:<\/h3>\n<p>Kurz gesagt, Ihre Anforderungen sind bei uns Standard! Individuelle L\u00f6sungen sind unsere Spezialit\u00e4t.<br \/>\nUnsere Produktpalette umfasst Einfach- oder Doppel- bis hin zu Multischeren. In Farb- oder Edelstahl-Ausf\u00fchrung.<br \/>\nRufen Sie uns an oder schicken uns eine E-Mail und Sie erhalten ein Angebot.[\/vc_column_text]<div class=\"ult-spacer spacer-69ed0885ce384\" data-id=\"69ed0885ce384\" data-height=\"0\" data-height-mobile=\"30\" data-height-tab=\"0\" data-height-tab-portrait=\"30\" data-height-mobile-landscape=\"30\" style=\"clear:both;display:block;\"><\/div>[\/vc_column_inner][vc_column_inner offset=&#8220;vc_col-lg-4 vc_col-md-4 vc_col-xs-12&#8243;][\/vc_column_inner][\/vc_row_inner]<div class=\"ult-spacer spacer-69ed0885ce3a8\" data-id=\"69ed0885ce3a8\" data-height=\"90\" data-height-mobile=\"60\" data-height-tab=\"90\" data-height-tab-portrait=\"60\" data-height-mobile-landscape=\"60\" style=\"clear:both;display:block;\"><\/div>[\/vc_column][\/vc_row]<\/p>\n<\/section>","protected":false},"excerpt":{"rendered":"<p>Das Unternehmen wurde 1976 von dem Maschinen-Ingenieur Erik Knudsen gegr\u00fcndet.<\/p>\n","protected":false},"author":1,"featured_media":3939,"parent":0,"menu_order":0,"comment_status":"closed","ping_status":"closed","template":"","meta":{"footnotes":""},"categories":[],"acf":[],"yoast_head":"<!-- This site is optimized with the Yoast SEO plugin v20.10 - https:\/\/yoast.com\/wordpress\/plugins\/seo\/ -->\n<title>\u00dcber uns &middot; Powerlift<\/title>\n<meta name=\"robots\" content=\"index, follow, max-snippet:-1, max-image-preview:large, max-video-preview:-1\" \/>\n<link rel=\"canonical\" href=\"http:\/\/powerlift.dk\/de\/ueber-uns\/\" \/>\n<meta property=\"og:locale\" content=\"de_DE\" \/>\n<meta property=\"og:type\" content=\"article\" \/>\n<meta property=\"og:title\" content=\"\u00dcber uns &middot; Powerlift\" \/>\n<meta property=\"og:description\" content=\"Das Unternehmen wurde 1976 von dem Maschinen-Ingenieur Erik Knudsen gegr\u00fcndet.\" \/>\n<meta property=\"og:url\" content=\"http:\/\/powerlift.dk\/de\/ueber-uns\/\" \/>\n<meta property=\"og:site_name\" content=\"Powerlift\" \/>\n<meta property=\"article:modified_time\" content=\"2022-06-15T13:41:48+00:00\" \/>\n<meta property=\"og:image\" content=\"http:\/\/powerlift.dk\/wp-content\/uploads\/2022\/02\/havy-duty-dobble-horisontal-scaled.jpg\" \/>\n\t<meta property=\"og:image:width\" content=\"2048\" \/>\n\t<meta property=\"og:image:height\" content=\"1536\" \/>\n\t<meta property=\"og:image:type\" content=\"image\/jpeg\" \/>\n<meta name=\"twitter:card\" content=\"summary_large_image\" \/>\n<meta name=\"twitter:label1\" content=\"Gesch\u00e4tzte Lesezeit\" \/>\n\t<meta name=\"twitter:data1\" content=\"1\u00a0Minute\" \/>\n<script type=\"application\/ld+json\" class=\"yoast-schema-graph\">{\"@context\":\"https:\/\/schema.org\",\"@graph\":[{\"@type\":\"WebPage\",\"@id\":\"http:\/\/powerlift.dk\/de\/ueber-uns\/\",\"url\":\"http:\/\/powerlift.dk\/de\/ueber-uns\/\",\"name\":\"\u00dcber uns &middot; Powerlift\",\"isPartOf\":{\"@id\":\"http:\/\/powerlift.dk\/#website\"},\"datePublished\":\"2021-12-13T12:00:03+00:00\",\"dateModified\":\"2022-06-15T13:41:48+00:00\",\"breadcrumb\":{\"@id\":\"http:\/\/powerlift.dk\/de\/ueber-uns\/#breadcrumb\"},\"inLanguage\":\"de\",\"potentialAction\":[{\"@type\":\"ReadAction\",\"target\":[\"http:\/\/powerlift.dk\/de\/ueber-uns\/\"]}]},{\"@type\":\"BreadcrumbList\",\"@id\":\"http:\/\/powerlift.dk\/de\/ueber-uns\/#breadcrumb\",\"itemListElement\":[{\"@type\":\"ListItem\",\"position\":1,\"name\":\"Hjem\",\"item\":\"https:\/\/powerlift.dk\/de\/\"},{\"@type\":\"ListItem\",\"position\":2,\"name\":\"\u00dcber uns\"}]},{\"@type\":\"WebSite\",\"@id\":\"http:\/\/powerlift.dk\/#website\",\"url\":\"http:\/\/powerlift.dk\/\",\"name\":\"Powerlift\",\"description\":\"Powerlift, sakselift, multilift og l\u00f8fteborde\",\"publisher\":{\"@id\":\"http:\/\/powerlift.dk\/#organization\"},\"potentialAction\":[{\"@type\":\"SearchAction\",\"target\":{\"@type\":\"EntryPoint\",\"urlTemplate\":\"http:\/\/powerlift.dk\/?s={search_term_string}\"},\"query-input\":\"required name=search_term_string\"}],\"inLanguage\":\"de\"},{\"@type\":\"Organization\",\"@id\":\"http:\/\/powerlift.dk\/#organization\",\"name\":\"Powerlift\",\"url\":\"http:\/\/powerlift.dk\/\",\"logo\":{\"@type\":\"ImageObject\",\"inLanguage\":\"de\",\"@id\":\"http:\/\/powerlift.dk\/#\/schema\/logo\/image\/\",\"url\":\"https:\/\/powerlift.dk\/wp-content\/uploads\/2021\/12\/logo-2-11.png\",\"contentUrl\":\"https:\/\/powerlift.dk\/wp-content\/uploads\/2021\/12\/logo-2-11.png\",\"width\":230,\"height\":72,\"caption\":\"Powerlift\"},\"image\":{\"@id\":\"http:\/\/powerlift.dk\/#\/schema\/logo\/image\/\"}}]}<\/script>\n<!-- \/ Yoast SEO plugin. -->","yoast_head_json":{"title":"\u00dcber uns &middot; Powerlift","robots":{"index":"index","follow":"follow","max-snippet":"max-snippet:-1","max-image-preview":"max-image-preview:large","max-video-preview":"max-video-preview:-1"},"canonical":"http:\/\/powerlift.dk\/de\/ueber-uns\/","og_locale":"de_DE","og_type":"article","og_title":"\u00dcber uns &middot; Powerlift","og_description":"Das Unternehmen wurde 1976 von dem Maschinen-Ingenieur Erik Knudsen gegr\u00fcndet.","og_url":"http:\/\/powerlift.dk\/de\/ueber-uns\/","og_site_name":"Powerlift","article_modified_time":"2022-06-15T13:41:48+00:00","og_image":[{"width":2048,"height":1536,"url":"http:\/\/powerlift.dk\/wp-content\/uploads\/2022\/02\/havy-duty-dobble-horisontal-scaled.jpg","type":"image\/jpeg"}],"twitter_card":"summary_large_image","twitter_misc":{"Gesch\u00e4tzte Lesezeit":"1\u00a0Minute"},"schema":{"@context":"https:\/\/schema.org","@graph":[{"@type":"WebPage","@id":"http:\/\/powerlift.dk\/de\/ueber-uns\/","url":"http:\/\/powerlift.dk\/de\/ueber-uns\/","name":"\u00dcber uns &middot; Powerlift","isPartOf":{"@id":"http:\/\/powerlift.dk\/#website"},"datePublished":"2021-12-13T12:00:03+00:00","dateModified":"2022-06-15T13:41:48+00:00","breadcrumb":{"@id":"http:\/\/powerlift.dk\/de\/ueber-uns\/#breadcrumb"},"inLanguage":"de","potentialAction":[{"@type":"ReadAction","target":["http:\/\/powerlift.dk\/de\/ueber-uns\/"]}]},{"@type":"BreadcrumbList","@id":"http:\/\/powerlift.dk\/de\/ueber-uns\/#breadcrumb","itemListElement":[{"@type":"ListItem","position":1,"name":"Hjem","item":"https:\/\/powerlift.dk\/de\/"},{"@type":"ListItem","position":2,"name":"\u00dcber uns"}]},{"@type":"WebSite","@id":"http:\/\/powerlift.dk\/#website","url":"http:\/\/powerlift.dk\/","name":"Powerlift","description":"Powerlift, sakselift, multilift og l\u00f8fteborde","publisher":{"@id":"http:\/\/powerlift.dk\/#organization"},"potentialAction":[{"@type":"SearchAction","target":{"@type":"EntryPoint","urlTemplate":"http:\/\/powerlift.dk\/?s={search_term_string}"},"query-input":"required name=search_term_string"}],"inLanguage":"de"},{"@type":"Organization","@id":"http:\/\/powerlift.dk\/#organization","name":"Powerlift","url":"http:\/\/powerlift.dk\/","logo":{"@type":"ImageObject","inLanguage":"de","@id":"http:\/\/powerlift.dk\/#\/schema\/logo\/image\/","url":"https:\/\/powerlift.dk\/wp-content\/uploads\/2021\/12\/logo-2-11.png","contentUrl":"https:\/\/powerlift.dk\/wp-content\/uploads\/2021\/12\/logo-2-11.png","width":230,"height":72,"caption":"Powerlift"},"image":{"@id":"http:\/\/powerlift.dk\/#\/schema\/logo\/image\/"}}]}},"_links":{"self":[{"href":"https:\/\/powerlift.dk\/de\/wp-json\/wp\/v2\/pages\/4002"}],"collection":[{"href":"https:\/\/powerlift.dk\/de\/wp-json\/wp\/v2\/pages"}],"about":[{"href":"https:\/\/powerlift.dk\/de\/wp-json\/wp\/v2\/types\/page"}],"author":[{"embeddable":true,"href":"https:\/\/powerlift.dk\/de\/wp-json\/wp\/v2\/users\/1"}],"replies":[{"embeddable":true,"href":"https:\/\/powerlift.dk\/de\/wp-json\/wp\/v2\/comments?post=4002"}],"version-history":[{"count":3,"href":"https:\/\/powerlift.dk\/de\/wp-json\/wp\/v2\/pages\/4002\/revisions"}],"predecessor-version":[{"id":4176,"href":"https:\/\/powerlift.dk\/de\/wp-json\/wp\/v2\/pages\/4002\/revisions\/4176"}],"wp:featuredmedia":[{"embeddable":true,"href":"https:\/\/powerlift.dk\/de\/wp-json\/wp\/v2\/media\/3939"}],"wp:attachment":[{"href":"https:\/\/powerlift.dk\/de\/wp-json\/wp\/v2\/media?parent=4002"}],"wp:term":[{"taxonomy":"category","embeddable":true,"href":"https:\/\/powerlift.dk\/de\/wp-json\/wp\/v2\/categories?post=4002"}],"curies":[{"name":"wp","href":"https:\/\/api.w.org\/{rel}","templated":true}]}}