{"id":3982,"date":"2021-12-13T13:02:39","date_gmt":"2021-12-13T12:02:39","guid":{"rendered":"https:\/\/powerlift.dk\/einzelschere\/"},"modified":"2022-09-15T07:41:58","modified_gmt":"2022-09-15T05:41:58","slug":"einzelschere","status":"publish","type":"page","link":"https:\/\/powerlift.dk\/de\/einzelschere\/","title":{"rendered":"Einzelschere"},"content":{"rendered":"<section class=\"wpb-content-wrapper\"><p>[vc_row full_width=&#8220;stretch_row&#8220; css_animation=&#8220;fadeIn&#8220;][vc_column]<div class=\"ult-spacer spacer-69ececc0a951c\" data-id=\"69ececc0a951c\" data-height=\"90\" data-height-mobile=\"60\" data-height-tab=\"90\" data-height-tab-portrait=\"60\" data-height-mobile-landscape=\"60\" style=\"clear:both;display:block;\"><\/div>[vc_column_text]<\/p>\n<h2>Einzelschere<\/h2>\n<p>[\/vc_column_text][vc_empty_space height=&#8220;30px&#8220;][vc_single_image image=&#8220;3050&#8243; img_size=&#8220;full&#8220;][vc_empty_space height=&#8220;30px&#8220;][vc_row_inner][vc_column_inner width=&#8220;1\/2&#8243;][vc_column_text]&#8230;mehr als 50 verschiedene Typen!<\/p>\n<p>Hub ca. 0.62-fache Plattforml\u00e4nge<br \/>\nKapacit\u00e4t bis 35 Tonnen<br \/>\nGro\u00dfer Anwendungsbereich<br \/>\nRobuste Konstruktion<\/p>\n<ol>\n<li>Problemloses \u00dcberfahren der Tischkante bei einem Einbau in einer Grube.<\/li>\n<li>An der Unterseite der Plattform ist zum Schutz gegen Quetschungen allseitig eine Sicherheitsleiste angebracht. Eine zus\u00e4tzliche Sicherheitsma\u00dfnahme ist die R\u00fcckstellung nach einem Stopp durch die Sicherheitsleiste.<\/li>\n<li>Die Scherenarme der Hebeb\u00fchne bei Plattforml\u00e4ngen bis zu 3 m sind normalerweise aus solidem Profilstahl. Bei den gr\u00f6\u00dferen B\u00fchnen sind die Scherenarme, um gr\u00f6\u00dfere Stabilit\u00e4t zu erreichen, aus Vierkantrohr. Stabile Torsionsrohre zwischen den Scherenarmen gew\u00e4hrleisten einwandfreie Synchronisation und Stabilit\u00e4t bei au\u00dfermittigen Lasten.\u200b\u200b<\/li>\n<li>Alle Lagerbuchsen sind auswechselbar. F\u00fcr die Pr\u00e4zisionsgrundachse und die Zylinderbolzen wird Stahl Fe 510 o.\u00e4. eingesetzt. F\u00fcr h\u00f6here Anspr\u00fcche liefern wir hartverchromte Zylinderzapfen und f\u00fcr die Scherenarme wahlweise hartverchromte Achsen mit Schmiernippeln oder schmierungsfreie Gelenklager mit Dichtungen nach DIN 648E. F\u00fcr h\u00f6chste Anforderungen wie z.B. 24 Stundenbetrieb oder Einsatz in einer Umgebung mit schleifendem oder aggressivem Staub empfehlen wir den grunds\u00e4tzlichen Einsatz von Gelenklagern. Unsere erfahrenen Techniker sind Ihnen bei Beratung und Auswahl der unterschiedlichen Typen gerne behilflich.<\/li>\n<li>Das Kompaktaggregat hat einen Elektromotor mit 1400 U\/min, welcher sich durch einen niedrigen Ger\u00e4uschpegel von &lt;70 dB(A) auszeichnet. Der eingebaute Hochdruckfilter sch\u00fctzt das Senkventil vor Schmutzpartikeln. Die Senkgeschwindigkeit ist mit einem Drosselventil einstellbar. Anschlu\u00dfspannung 400V, dreiphasig 50Hz. (mit *markierte Typen 230V, einphasig 50Hz).Schutzart IP54. Die Hebeb\u00fchnen m\u00fcssen lediglich mit einer ausreichenden Absicherung angeschlossen werden und sind dann sofort einsatzbereit.<br \/>\nDie elektrische Steuerung erfolgt \u00fcber eine Bedienungsbox (Totmanschaltung) mit den Funktionen auf\/ab und Notstopp. Steuerspannung 24V, 50 Hz und ein drei Meter langes Kabel sind Standard.\u200b<\/li>\n<\/ol>\n<p>[\/vc_column_text]<div class=\"ult-spacer spacer-69ececc0a957e\" data-id=\"69ececc0a957e\" data-height=\"0\" data-height-mobile=\"15\" data-height-tab=\"0\" data-height-tab-portrait=\"0\" data-height-mobile-landscape=\"15\" style=\"clear:both;display:block;\"><\/div>[\/vc_column_inner][vc_column_inner width=&#8220;1\/2&#8243;][vc_column_text]<\/p>\n<ol start=\"6\">\n<li>Wartungsst\u00fctzen f\u00fcr einfachen Zugriff bei Servicearbeiten.<\/li>\n<li>Die Stahlarmrollen sind auswechselbar.<\/li>\n<li>Die Zylinderrohre aus hochwertigem Qualit\u00e4tsstahl Fe 510 werden, um au\u00dfergew\u00f6hnlich glatte Oberfl\u00e4chen mit Raa 0,4 \u03bcm zu erhalten, innen geschliffen und poliert; anschlie\u00dfend einer Qualit\u00e4tskontrolle unterzogen. Die Kolbenstange hat den gleichen hohen Standard wie die Zylinder und ist hartchrombeschichtet mit \u00b3 25 \u03bcm. Im Zylinderboden sind Rohrbruchventile eingebaut. Zur Vermeidung von \u00d6llekkagen f\u00fchrt ein Draenschlauch vom Zylinder zum Tank (S&#8230;Typen ausgenommen). Die Druckschl\u00e4uche entsprechen der DIN-Norm 20066. Der Sicherheitsfaktor der Zylinderdimensionierung ist 1,8.\u200b\u200b<\/li>\n<\/ol>\n<p>[\/vc_column_text][vc_empty_space height=&#8220;30px&#8220;][vc_media_grid element_width=&#8220;6&#8243; gap=&#8220;20&#8243; item=&#8220;467&#8243; grid_id=&#8220;vc_gid:1663220285893-b94f99a7-bd17-7&#8243; include=&#8220;3049,3048&#8243;][\/vc_column_inner][\/vc_row_inner][vc_empty_space height=&#8220;30px&#8220;][vc_media_grid element_width=&#8220;3&#8243; gap=&#8220;30&#8243; item=&#8220;467&#8243; grid_id=&#8220;vc_gid:1663220285894-7cc11879-ee42-6&#8243; include=&#8220;3047,3046&#8243;]<div class=\"ult-spacer spacer-69ececc0a95b1\" data-id=\"69ececc0a95b1\" data-height=\"90\" data-height-mobile=\"60\" data-height-tab=\"90\" data-height-tab-portrait=\"60\" data-height-mobile-landscape=\"60\" style=\"clear:both;display:block;\"><\/div>[\/vc_column][\/vc_row][vc_row full_width=&#8220;stretch_row&#8220; css_animation=&#8220;fadeInUp&#8220; css=&#8220;.vc_custom_1639554170318{background-color: #f4f4f4 !important;}&#8220;][vc_column]<div class=\"ult-spacer spacer-69ececc0a95db\" data-id=\"69ececc0a95db\" data-height=\"90\" data-height-mobile=\"60\" data-height-tab=\"90\" data-height-tab-portrait=\"60\" data-height-mobile-landscape=\"60\" style=\"clear:both;display:block;\"><\/div>[vc_row_inner][vc_column_inner width=&#8220;1\/6&#8243;][\/vc_column_inner][vc_column_inner offset=&#8220;vc_col-lg-8 vc_col-md-12 vc_col-xs-12&#8243;][vc_raw_html]W3RhYmxlIGlkPTYgcmVzcG9uc2l2ZT1mbGlwIHJlc3BvbnNpdmVfYnJlYWtwb2ludD0idGFibGV0IiAvXQ==[\/vc_raw_html][\/vc_column_inner][vc_column_inner width=&#8220;1\/6&#8243;][\/vc_column_inner][\/vc_row_inner]<div class=\"ult-spacer spacer-69ececc0a9601\" data-id=\"69ececc0a9601\" data-height=\"90\" data-height-mobile=\"60\" data-height-tab=\"90\" data-height-tab-portrait=\"60\" data-height-mobile-landscape=\"60\" style=\"clear:both;display:block;\"><\/div>[\/vc_column][\/vc_row][vc_row full_width=&#8220;stretch_row&#8220; css_animation=&#8220;fadeInUp&#8220; css=&#8220;.vc_custom_1639554177922{background-color: #eeeeee !important;}&#8220;][vc_column]<div class=\"ult-spacer spacer-69ececc0a9623\" data-id=\"69ececc0a9623\" data-height=\"90\" data-height-mobile=\"60\" data-height-tab=\"90\" data-height-tab-portrait=\"60\" data-height-mobile-landscape=\"60\" style=\"clear:both;display:block;\"><\/div>[vc_row_inner][vc_column_inner offset=&#8220;vc_col-lg-6 vc_col-md-6 vc_col-xs-12&#8243;][vc_column_text]<\/p>\n<h3>Bestellen Sie hier Ihre Einzelschere<\/h3>\n<p>Sollten wir uns eine funktionelle Einzelschere f\u00fcr Sie ansehen, k\u00f6nnen Sie sich gerne an uns wenden, um mehr \u00fcber Ihre M\u00f6glichkeiten zu erfahren.<\/p>\n<p>Wir haben immer einen kompetenten und erfahrenen Berater, der Ihnen hilft, die richtige Scherenarbeitsb\u00fchne f\u00fcr Sie zu finden.<\/p>\n<p>Kontaktieren Sie uns noch heute telefonisch unter <a href=\"tel:98231511\">(+45) 98 23 15 11<\/a>. Sie k\u00f6nnen uns auch gerne unter <a href=\"mailto:info@powerlift.dk\">info@powerlift.dk<\/a> schreiben. Wir haben immer einen kompetenten Berater, der Ihnen helfen kann.\u200b\u200b[\/vc_column_text]<div class=\"ult-spacer spacer-69ececc0a9643\" data-id=\"69ececc0a9643\" data-height=\"0\" data-height-mobile=\"30\" data-height-tab=\"0\" data-height-tab-portrait=\"30\" data-height-mobile-landscape=\"30\" style=\"clear:both;display:block;\"><\/div>[\/vc_column_inner][vc_column_inner offset=&#8220;vc_col-lg-6 vc_col-md-6 vc_col-xs-12&#8243;][vc_column_text]<\/p>\n<h3>Kontaktieren Sie uns heute<\/h3>\n<p>[\/vc_column_text][vc_empty_space height=&#8220;15px&#8220;][vc_raw_html]W2Zvcm1pbmF0b3JfZm9ybSBpZD0iNDA3MCJd[\/vc_raw_html][\/vc_column_inner][\/vc_row_inner]<div class=\"ult-spacer spacer-69ececc0a9669\" data-id=\"69ececc0a9669\" data-height=\"90\" data-height-mobile=\"60\" data-height-tab=\"90\" data-height-tab-portrait=\"60\" data-height-mobile-landscape=\"60\" style=\"clear:both;display:block;\"><\/div>[\/vc_column][\/vc_row]<\/p>\n<\/section>","protected":false},"excerpt":{"rendered":"<p>Mehr als 50 verschiedene Typen!<\/p>\n","protected":false},"author":1,"featured_media":0,"parent":0,"menu_order":0,"comment_status":"closed","ping_status":"closed","template":"","meta":{"footnotes":""},"categories":[],"acf":[],"yoast_head":"<!-- This site is optimized with the Yoast SEO plugin v20.10 - https:\/\/yoast.com\/wordpress\/plugins\/seo\/ -->\n<title>Einzelschere &middot; Powerlift<\/title>\n<meta name=\"robots\" content=\"index, follow, max-snippet:-1, max-image-preview:large, max-video-preview:-1\" \/>\n<link rel=\"canonical\" href=\"http:\/\/powerlift.dk\/de\/einzelschere\/\" \/>\n<meta property=\"og:locale\" content=\"de_DE\" \/>\n<meta property=\"og:type\" content=\"article\" \/>\n<meta property=\"og:title\" content=\"Einzelschere &middot; Powerlift\" \/>\n<meta property=\"og:description\" content=\"Mehr als 50 verschiedene Typen!\" \/>\n<meta property=\"og:url\" content=\"http:\/\/powerlift.dk\/de\/einzelschere\/\" \/>\n<meta property=\"og:site_name\" content=\"Powerlift\" \/>\n<meta property=\"article:modified_time\" content=\"2022-09-15T05:41:58+00:00\" \/>\n<meta name=\"twitter:card\" content=\"summary_large_image\" \/>\n<meta name=\"twitter:label1\" content=\"Gesch\u00e4tzte Lesezeit\" \/>\n\t<meta name=\"twitter:data1\" content=\"3\u00a0Minuten\" \/>\n<script type=\"application\/ld+json\" class=\"yoast-schema-graph\">{\"@context\":\"https:\/\/schema.org\",\"@graph\":[{\"@type\":\"WebPage\",\"@id\":\"http:\/\/powerlift.dk\/de\/einzelschere\/\",\"url\":\"http:\/\/powerlift.dk\/de\/einzelschere\/\",\"name\":\"Einzelschere &middot; Powerlift\",\"isPartOf\":{\"@id\":\"http:\/\/powerlift.dk\/#website\"},\"datePublished\":\"2021-12-13T12:02:39+00:00\",\"dateModified\":\"2022-09-15T05:41:58+00:00\",\"breadcrumb\":{\"@id\":\"http:\/\/powerlift.dk\/de\/einzelschere\/#breadcrumb\"},\"inLanguage\":\"de\",\"potentialAction\":[{\"@type\":\"ReadAction\",\"target\":[\"http:\/\/powerlift.dk\/de\/einzelschere\/\"]}]},{\"@type\":\"BreadcrumbList\",\"@id\":\"http:\/\/powerlift.dk\/de\/einzelschere\/#breadcrumb\",\"itemListElement\":[{\"@type\":\"ListItem\",\"position\":1,\"name\":\"Hjem\",\"item\":\"https:\/\/powerlift.dk\/de\/\"},{\"@type\":\"ListItem\",\"position\":2,\"name\":\"Einzelschere\"}]},{\"@type\":\"WebSite\",\"@id\":\"http:\/\/powerlift.dk\/#website\",\"url\":\"http:\/\/powerlift.dk\/\",\"name\":\"Powerlift\",\"description\":\"Powerlift, sakselift, multilift og l\u00f8fteborde\",\"publisher\":{\"@id\":\"http:\/\/powerlift.dk\/#organization\"},\"potentialAction\":[{\"@type\":\"SearchAction\",\"target\":{\"@type\":\"EntryPoint\",\"urlTemplate\":\"http:\/\/powerlift.dk\/?s={search_term_string}\"},\"query-input\":\"required name=search_term_string\"}],\"inLanguage\":\"de\"},{\"@type\":\"Organization\",\"@id\":\"http:\/\/powerlift.dk\/#organization\",\"name\":\"Powerlift\",\"url\":\"http:\/\/powerlift.dk\/\",\"logo\":{\"@type\":\"ImageObject\",\"inLanguage\":\"de\",\"@id\":\"http:\/\/powerlift.dk\/#\/schema\/logo\/image\/\",\"url\":\"https:\/\/powerlift.dk\/wp-content\/uploads\/2021\/12\/logo-2-11.png\",\"contentUrl\":\"https:\/\/powerlift.dk\/wp-content\/uploads\/2021\/12\/logo-2-11.png\",\"width\":230,\"height\":72,\"caption\":\"Powerlift\"},\"image\":{\"@id\":\"http:\/\/powerlift.dk\/#\/schema\/logo\/image\/\"}}]}<\/script>\n<!-- \/ Yoast SEO plugin. -->","yoast_head_json":{"title":"Einzelschere &middot; Powerlift","robots":{"index":"index","follow":"follow","max-snippet":"max-snippet:-1","max-image-preview":"max-image-preview:large","max-video-preview":"max-video-preview:-1"},"canonical":"http:\/\/powerlift.dk\/de\/einzelschere\/","og_locale":"de_DE","og_type":"article","og_title":"Einzelschere &middot; Powerlift","og_description":"Mehr als 50 verschiedene Typen!","og_url":"http:\/\/powerlift.dk\/de\/einzelschere\/","og_site_name":"Powerlift","article_modified_time":"2022-09-15T05:41:58+00:00","twitter_card":"summary_large_image","twitter_misc":{"Gesch\u00e4tzte Lesezeit":"3\u00a0Minuten"},"schema":{"@context":"https:\/\/schema.org","@graph":[{"@type":"WebPage","@id":"http:\/\/powerlift.dk\/de\/einzelschere\/","url":"http:\/\/powerlift.dk\/de\/einzelschere\/","name":"Einzelschere &middot; Powerlift","isPartOf":{"@id":"http:\/\/powerlift.dk\/#website"},"datePublished":"2021-12-13T12:02:39+00:00","dateModified":"2022-09-15T05:41:58+00:00","breadcrumb":{"@id":"http:\/\/powerlift.dk\/de\/einzelschere\/#breadcrumb"},"inLanguage":"de","potentialAction":[{"@type":"ReadAction","target":["http:\/\/powerlift.dk\/de\/einzelschere\/"]}]},{"@type":"BreadcrumbList","@id":"http:\/\/powerlift.dk\/de\/einzelschere\/#breadcrumb","itemListElement":[{"@type":"ListItem","position":1,"name":"Hjem","item":"https:\/\/powerlift.dk\/de\/"},{"@type":"ListItem","position":2,"name":"Einzelschere"}]},{"@type":"WebSite","@id":"http:\/\/powerlift.dk\/#website","url":"http:\/\/powerlift.dk\/","name":"Powerlift","description":"Powerlift, sakselift, multilift og l\u00f8fteborde","publisher":{"@id":"http:\/\/powerlift.dk\/#organization"},"potentialAction":[{"@type":"SearchAction","target":{"@type":"EntryPoint","urlTemplate":"http:\/\/powerlift.dk\/?s={search_term_string}"},"query-input":"required name=search_term_string"}],"inLanguage":"de"},{"@type":"Organization","@id":"http:\/\/powerlift.dk\/#organization","name":"Powerlift","url":"http:\/\/powerlift.dk\/","logo":{"@type":"ImageObject","inLanguage":"de","@id":"http:\/\/powerlift.dk\/#\/schema\/logo\/image\/","url":"https:\/\/powerlift.dk\/wp-content\/uploads\/2021\/12\/logo-2-11.png","contentUrl":"https:\/\/powerlift.dk\/wp-content\/uploads\/2021\/12\/logo-2-11.png","width":230,"height":72,"caption":"Powerlift"},"image":{"@id":"http:\/\/powerlift.dk\/#\/schema\/logo\/image\/"}}]}},"_links":{"self":[{"href":"https:\/\/powerlift.dk\/de\/wp-json\/wp\/v2\/pages\/3982"}],"collection":[{"href":"https:\/\/powerlift.dk\/de\/wp-json\/wp\/v2\/pages"}],"about":[{"href":"https:\/\/powerlift.dk\/de\/wp-json\/wp\/v2\/types\/page"}],"author":[{"embeddable":true,"href":"https:\/\/powerlift.dk\/de\/wp-json\/wp\/v2\/users\/1"}],"replies":[{"embeddable":true,"href":"https:\/\/powerlift.dk\/de\/wp-json\/wp\/v2\/comments?post=3982"}],"version-history":[{"count":17,"href":"https:\/\/powerlift.dk\/de\/wp-json\/wp\/v2\/pages\/3982\/revisions"}],"predecessor-version":[{"id":4342,"href":"https:\/\/powerlift.dk\/de\/wp-json\/wp\/v2\/pages\/3982\/revisions\/4342"}],"wp:attachment":[{"href":"https:\/\/powerlift.dk\/de\/wp-json\/wp\/v2\/media?parent=3982"}],"wp:term":[{"taxonomy":"category","embeddable":true,"href":"https:\/\/powerlift.dk\/de\/wp-json\/wp\/v2\/categories?post=3982"}],"curies":[{"name":"wp","href":"https:\/\/api.w.org\/{rel}","templated":true}]}}