{"id":3976,"date":"2021-12-13T13:03:38","date_gmt":"2021-12-13T12:03:38","guid":{"rendered":"https:\/\/powerlift.dk\/doppelvertikalschere\/"},"modified":"2022-09-07T09:15:26","modified_gmt":"2022-09-07T07:15:26","slug":"doppelvertikalschere","status":"publish","type":"page","link":"https:\/\/powerlift.dk\/de\/doppelvertikalschere\/","title":{"rendered":"Doppelvertikalschere"},"content":{"rendered":"<section class=\"wpb-content-wrapper\"><p>[vc_row full_width=&#8220;stretch_row&#8220; css_animation=&#8220;fadeIn&#8220;][vc_column]<div class=\"ult-spacer spacer-69ed1da51c142\" data-id=\"69ed1da51c142\" data-height=\"90\" data-height-mobile=\"60\" data-height-tab=\"90\" data-height-tab-portrait=\"60\" data-height-mobile-landscape=\"60\" style=\"clear:both;display:block;\"><\/div>[vc_row_inner][vc_column_inner width=&#8220;1\/2&#8243;][vc_column_text]<\/p>\n<h2>Doppelvertikalschere<\/h2>\n<p>&#8230;mehr als 40 verschiedene Typen!<\/p>\n<ul>\n<li>Hub ca. 1,2-fache Plattforml\u00e4nge<\/li>\n<li>Geeignet f\u00fcr gro\u00dfe H\u00f6henunterschiede<\/li>\n<li>Kapazit\u00e4t bis 4 Tonnen<\/li>\n<\/ul>\n<p>[\/vc_column_text]<div class=\"ult-spacer spacer-69ed1da51c188\" data-id=\"69ed1da51c188\" data-height=\"0\" data-height-mobile=\"15\" data-height-tab=\"0\" data-height-tab-portrait=\"0\" data-height-mobile-landscape=\"15\" style=\"clear:both;display:block;\"><\/div>[\/vc_column_inner][vc_column_inner width=&#8220;1\/2&#8243;][vc_single_image image=&#8220;3723&#8243; img_size=&#8220;large&#8220; alignment=&#8220;center&#8220;][\/vc_column_inner][\/vc_row_inner][vc_empty_space height=&#8220;30px&#8220;][vc_row_inner][vc_column_inner width=&#8220;1\/2&#8243;][vc_single_image image=&#8220;3721&#8243; img_size=&#8220;large&#8220; alignment=&#8220;center&#8220;][vc_empty_space height=&#8220;30px&#8220;][vc_column_text]<\/p>\n<p style=\"text-align: center;\">Doppelscherentisch, Typ EVL15-160, mit einer Kapazit\u00e4t von 2 Tonnen, mit separatem Hydraulikaggregat f\u00fcr den Einbau in einer ablaufgesteuerten Transportanlage im 2-Schichtbetrieb.<\/p>\n<p>[\/vc_column_text]<div class=\"ult-spacer spacer-69ed1da51c1ae\" data-id=\"69ed1da51c1ae\" data-height=\"0\" data-height-mobile=\"30\" data-height-tab=\"0\" data-height-tab-portrait=\"0\" data-height-mobile-landscape=\"30\" style=\"clear:both;display:block;\"><\/div>[\/vc_column_inner][vc_column_inner width=&#8220;1\/2&#8243;][vc_single_image image=&#8220;3719&#8243; img_size=&#8220;large&#8220; alignment=&#8220;center&#8220;][vc_empty_space height=&#8220;30px&#8220;][vc_column_text]<\/p>\n<p style=\"text-align: center;\">Die Verwendung eines Doppelscherentisches, Typ EV10-188G, mit einer Kapazit\u00e4t von 1 Tonne in einem lebensmittelverarbeitenden Betrieb erm\u00f6glicht es, eine gro\u00dfe Anzahl palettierter Lebensmittel ohne sch\u00e4dliche R\u00fcckenbelastung handzuhaben.<\/p>\n<p>[\/vc_column_text][\/vc_column_inner][\/vc_row_inner]<div class=\"ult-spacer spacer-69ed1da51c1cf\" data-id=\"69ed1da51c1cf\" data-height=\"90\" data-height-mobile=\"60\" data-height-tab=\"90\" data-height-tab-portrait=\"60\" data-height-mobile-landscape=\"60\" style=\"clear:both;display:block;\"><\/div>[\/vc_column][\/vc_row][vc_row full_width=&#8220;stretch_row&#8220; css_animation=&#8220;fadeInUp&#8220; css=&#8220;.vc_custom_1639554312137{background-color: #f4f4f4 !important;}&#8220;][vc_column]<div class=\"ult-spacer spacer-69ed1da51c1fb\" data-id=\"69ed1da51c1fb\" data-height=\"90\" data-height-mobile=\"60\" data-height-tab=\"90\" data-height-tab-portrait=\"60\" data-height-mobile-landscape=\"60\" style=\"clear:both;display:block;\"><\/div>[vc_row_inner][vc_column_inner width=&#8220;1\/6&#8243;][\/vc_column_inner][vc_column_inner offset=&#8220;vc_col-lg-8 vc_col-md-12 vc_col-xs-12&#8243;][vc_raw_html]W3RhYmxlIGlkPTggcmVzcG9uc2l2ZT1mbGlwIHJlc3BvbnNpdmVfYnJlYWtwb2ludD0idGFibGV0IiAvXQ==[\/vc_raw_html][\/vc_column_inner][vc_column_inner width=&#8220;1\/6&#8243;][\/vc_column_inner][\/vc_row_inner]<div class=\"ult-spacer spacer-69ed1da51c21b\" data-id=\"69ed1da51c21b\" data-height=\"90\" data-height-mobile=\"60\" data-height-tab=\"90\" data-height-tab-portrait=\"60\" data-height-mobile-landscape=\"60\" style=\"clear:both;display:block;\"><\/div>[\/vc_column][\/vc_row][vc_row full_width=&#8220;stretch_row&#8220; css_animation=&#8220;fadeInUp&#8220; css=&#8220;.vc_custom_1639554318384{background-color: #eeeeee !important;}&#8220;][vc_column]<div class=\"ult-spacer spacer-69ed1da51c23b\" data-id=\"69ed1da51c23b\" data-height=\"90\" data-height-mobile=\"60\" data-height-tab=\"90\" data-height-tab-portrait=\"60\" data-height-mobile-landscape=\"60\" style=\"clear:both;display:block;\"><\/div>[vc_row_inner][vc_column_inner offset=&#8220;vc_col-lg-6 vc_col-md-6 vc_col-xs-12&#8243;][vc_column_text]<\/p>\n<h3>Bestellen Sie hier Ihre Doppelschere<\/h3>\n<p>Sollten wir uns eine funktionelle Doppelschere f\u00fcr Sie ansehen, k\u00f6nnen Sie sich gerne an uns wenden, um mehr \u00fcber Ihre M\u00f6glichkeiten zu erfahren.<\/p>\n<p>Wir haben immer einen kompetenten und erfahrenen Berater, der Ihnen hilft, die richtige Scherenarbeitsb\u00fchne f\u00fcr Sie zu finden.<\/p>\n<p>Kontaktieren Sie uns noch heute telefonisch <a href=\"tel:98231511\">(+45) 98 23 15 11<\/a>. Sie k\u00f6nnen uns auch gerne an <a href=\"mailto:info@powerlift.dk\">info@powerlift.dk<\/a> schreiben. Wir haben immer einen kompetenten Berater, der Ihnen helfen kann.\u200b\u200b[\/vc_column_text]<div class=\"ult-spacer spacer-69ed1da51c25a\" data-id=\"69ed1da51c25a\" data-height=\"0\" data-height-mobile=\"30\" data-height-tab=\"0\" data-height-tab-portrait=\"30\" data-height-mobile-landscape=\"30\" style=\"clear:both;display:block;\"><\/div>[\/vc_column_inner][vc_column_inner offset=&#8220;vc_col-lg-6 vc_col-md-6 vc_col-xs-12&#8243;][vc_column_text]<\/p>\n<h3>Kontaktieren Sie uns heute<\/h3>\n<p>[\/vc_column_text][vc_empty_space height=&#8220;15px&#8220;][vc_raw_html]W2Zvcm1pbmF0b3JfZm9ybSBpZD0iNDA3MCJd[\/vc_raw_html][\/vc_column_inner][\/vc_row_inner]<div class=\"ult-spacer spacer-69ed1da51c277\" data-id=\"69ed1da51c277\" data-height=\"90\" data-height-mobile=\"60\" data-height-tab=\"90\" data-height-tab-portrait=\"60\" data-height-mobile-landscape=\"60\" style=\"clear:both;display:block;\"><\/div>[\/vc_column][\/vc_row]<\/p>\n<\/section>","protected":false},"excerpt":{"rendered":"<p>Mehr als 40 verschiedene Typen!<\/p>\n","protected":false},"author":1,"featured_media":0,"parent":0,"menu_order":0,"comment_status":"closed","ping_status":"closed","template":"","meta":{"footnotes":""},"categories":[],"acf":[],"yoast_head":"<!-- This site is optimized with the Yoast SEO plugin v20.10 - https:\/\/yoast.com\/wordpress\/plugins\/seo\/ -->\n<title>Doppelvertikalschere &middot; Powerlift<\/title>\n<meta name=\"robots\" content=\"index, follow, max-snippet:-1, max-image-preview:large, max-video-preview:-1\" \/>\n<link rel=\"canonical\" href=\"http:\/\/powerlift.dk\/de\/doppelvertikalschere\/\" \/>\n<meta property=\"og:locale\" content=\"de_DE\" \/>\n<meta property=\"og:type\" content=\"article\" \/>\n<meta property=\"og:title\" content=\"Doppelvertikalschere &middot; Powerlift\" \/>\n<meta property=\"og:description\" content=\"Mehr als 40 verschiedene Typen!\" \/>\n<meta property=\"og:url\" content=\"http:\/\/powerlift.dk\/de\/doppelvertikalschere\/\" \/>\n<meta property=\"og:site_name\" content=\"Powerlift\" \/>\n<meta property=\"article:modified_time\" content=\"2022-09-07T07:15:26+00:00\" \/>\n<meta name=\"twitter:card\" content=\"summary_large_image\" \/>\n<meta name=\"twitter:label1\" content=\"Gesch\u00e4tzte Lesezeit\" \/>\n\t<meta name=\"twitter:data1\" content=\"2\u00a0Minuten\" \/>\n<script type=\"application\/ld+json\" class=\"yoast-schema-graph\">{\"@context\":\"https:\/\/schema.org\",\"@graph\":[{\"@type\":\"WebPage\",\"@id\":\"http:\/\/powerlift.dk\/de\/doppelvertikalschere\/\",\"url\":\"http:\/\/powerlift.dk\/de\/doppelvertikalschere\/\",\"name\":\"Doppelvertikalschere &middot; Powerlift\",\"isPartOf\":{\"@id\":\"http:\/\/powerlift.dk\/#website\"},\"datePublished\":\"2021-12-13T12:03:38+00:00\",\"dateModified\":\"2022-09-07T07:15:26+00:00\",\"breadcrumb\":{\"@id\":\"http:\/\/powerlift.dk\/de\/doppelvertikalschere\/#breadcrumb\"},\"inLanguage\":\"de\",\"potentialAction\":[{\"@type\":\"ReadAction\",\"target\":[\"http:\/\/powerlift.dk\/de\/doppelvertikalschere\/\"]}]},{\"@type\":\"BreadcrumbList\",\"@id\":\"http:\/\/powerlift.dk\/de\/doppelvertikalschere\/#breadcrumb\",\"itemListElement\":[{\"@type\":\"ListItem\",\"position\":1,\"name\":\"Hjem\",\"item\":\"https:\/\/powerlift.dk\/de\/\"},{\"@type\":\"ListItem\",\"position\":2,\"name\":\"Doppelvertikalschere\"}]},{\"@type\":\"WebSite\",\"@id\":\"http:\/\/powerlift.dk\/#website\",\"url\":\"http:\/\/powerlift.dk\/\",\"name\":\"Powerlift\",\"description\":\"Powerlift, sakselift, multilift og l\u00f8fteborde\",\"publisher\":{\"@id\":\"http:\/\/powerlift.dk\/#organization\"},\"potentialAction\":[{\"@type\":\"SearchAction\",\"target\":{\"@type\":\"EntryPoint\",\"urlTemplate\":\"http:\/\/powerlift.dk\/?s={search_term_string}\"},\"query-input\":\"required name=search_term_string\"}],\"inLanguage\":\"de\"},{\"@type\":\"Organization\",\"@id\":\"http:\/\/powerlift.dk\/#organization\",\"name\":\"Powerlift\",\"url\":\"http:\/\/powerlift.dk\/\",\"logo\":{\"@type\":\"ImageObject\",\"inLanguage\":\"de\",\"@id\":\"http:\/\/powerlift.dk\/#\/schema\/logo\/image\/\",\"url\":\"https:\/\/powerlift.dk\/wp-content\/uploads\/2021\/12\/logo-2-11.png\",\"contentUrl\":\"https:\/\/powerlift.dk\/wp-content\/uploads\/2021\/12\/logo-2-11.png\",\"width\":230,\"height\":72,\"caption\":\"Powerlift\"},\"image\":{\"@id\":\"http:\/\/powerlift.dk\/#\/schema\/logo\/image\/\"}}]}<\/script>\n<!-- \/ Yoast SEO plugin. -->","yoast_head_json":{"title":"Doppelvertikalschere &middot; Powerlift","robots":{"index":"index","follow":"follow","max-snippet":"max-snippet:-1","max-image-preview":"max-image-preview:large","max-video-preview":"max-video-preview:-1"},"canonical":"http:\/\/powerlift.dk\/de\/doppelvertikalschere\/","og_locale":"de_DE","og_type":"article","og_title":"Doppelvertikalschere &middot; Powerlift","og_description":"Mehr als 40 verschiedene Typen!","og_url":"http:\/\/powerlift.dk\/de\/doppelvertikalschere\/","og_site_name":"Powerlift","article_modified_time":"2022-09-07T07:15:26+00:00","twitter_card":"summary_large_image","twitter_misc":{"Gesch\u00e4tzte Lesezeit":"2\u00a0Minuten"},"schema":{"@context":"https:\/\/schema.org","@graph":[{"@type":"WebPage","@id":"http:\/\/powerlift.dk\/de\/doppelvertikalschere\/","url":"http:\/\/powerlift.dk\/de\/doppelvertikalschere\/","name":"Doppelvertikalschere &middot; Powerlift","isPartOf":{"@id":"http:\/\/powerlift.dk\/#website"},"datePublished":"2021-12-13T12:03:38+00:00","dateModified":"2022-09-07T07:15:26+00:00","breadcrumb":{"@id":"http:\/\/powerlift.dk\/de\/doppelvertikalschere\/#breadcrumb"},"inLanguage":"de","potentialAction":[{"@type":"ReadAction","target":["http:\/\/powerlift.dk\/de\/doppelvertikalschere\/"]}]},{"@type":"BreadcrumbList","@id":"http:\/\/powerlift.dk\/de\/doppelvertikalschere\/#breadcrumb","itemListElement":[{"@type":"ListItem","position":1,"name":"Hjem","item":"https:\/\/powerlift.dk\/de\/"},{"@type":"ListItem","position":2,"name":"Doppelvertikalschere"}]},{"@type":"WebSite","@id":"http:\/\/powerlift.dk\/#website","url":"http:\/\/powerlift.dk\/","name":"Powerlift","description":"Powerlift, sakselift, multilift og l\u00f8fteborde","publisher":{"@id":"http:\/\/powerlift.dk\/#organization"},"potentialAction":[{"@type":"SearchAction","target":{"@type":"EntryPoint","urlTemplate":"http:\/\/powerlift.dk\/?s={search_term_string}"},"query-input":"required name=search_term_string"}],"inLanguage":"de"},{"@type":"Organization","@id":"http:\/\/powerlift.dk\/#organization","name":"Powerlift","url":"http:\/\/powerlift.dk\/","logo":{"@type":"ImageObject","inLanguage":"de","@id":"http:\/\/powerlift.dk\/#\/schema\/logo\/image\/","url":"https:\/\/powerlift.dk\/wp-content\/uploads\/2021\/12\/logo-2-11.png","contentUrl":"https:\/\/powerlift.dk\/wp-content\/uploads\/2021\/12\/logo-2-11.png","width":230,"height":72,"caption":"Powerlift"},"image":{"@id":"http:\/\/powerlift.dk\/#\/schema\/logo\/image\/"}}]}},"_links":{"self":[{"href":"https:\/\/powerlift.dk\/de\/wp-json\/wp\/v2\/pages\/3976"}],"collection":[{"href":"https:\/\/powerlift.dk\/de\/wp-json\/wp\/v2\/pages"}],"about":[{"href":"https:\/\/powerlift.dk\/de\/wp-json\/wp\/v2\/types\/page"}],"author":[{"embeddable":true,"href":"https:\/\/powerlift.dk\/de\/wp-json\/wp\/v2\/users\/1"}],"replies":[{"embeddable":true,"href":"https:\/\/powerlift.dk\/de\/wp-json\/wp\/v2\/comments?post=3976"}],"version-history":[{"count":8,"href":"https:\/\/powerlift.dk\/de\/wp-json\/wp\/v2\/pages\/3976\/revisions"}],"predecessor-version":[{"id":4304,"href":"https:\/\/powerlift.dk\/de\/wp-json\/wp\/v2\/pages\/3976\/revisions\/4304"}],"wp:attachment":[{"href":"https:\/\/powerlift.dk\/de\/wp-json\/wp\/v2\/media?parent=3976"}],"wp:term":[{"taxonomy":"category","embeddable":true,"href":"https:\/\/powerlift.dk\/de\/wp-json\/wp\/v2\/categories?post=3976"}],"curies":[{"name":"wp","href":"https:\/\/api.w.org\/{rel}","templated":true}]}}