{"id":3970,"date":"2021-12-13T13:03:15","date_gmt":"2021-12-13T12:03:15","guid":{"rendered":"https:\/\/powerlift.dk\/doppelhorizontalschere\/"},"modified":"2022-09-07T09:11:17","modified_gmt":"2022-09-07T07:11:17","slug":"doppelhorizontalschere","status":"publish","type":"page","link":"https:\/\/powerlift.dk\/de\/doppelhorizontalschere\/","title":{"rendered":"Doppelhorizontalschere"},"content":{"rendered":"<section class=\"wpb-content-wrapper\"><p>[vc_row full_width=&#8220;stretch_row&#8220; css_animation=&#8220;fadeIn&#8220;][vc_column]<div class=\"ult-spacer spacer-69ececf842143\" data-id=\"69ececf842143\" data-height=\"90\" data-height-mobile=\"60\" data-height-tab=\"90\" data-height-tab-portrait=\"60\" data-height-mobile-landscape=\"60\" style=\"clear:both;display:block;\"><\/div>[vc_column_text]<\/p>\n<h2>Doppelhorizontalschere<\/h2>\n<p>[\/vc_column_text][vc_empty_space height=&#8220;15px&#8220;][vc_row_inner][vc_column_inner width=&#8220;1\/2&#8243;][vc_column_text]&#8230;mehr als 40 verschiedene Typen!<\/p>\n<ul>\n<li>Hub ca. 0.32-fache Plattforml\u00e4nge<\/li>\n<li>Kapazit\u00e4t bis 40 Tonnen<\/li>\n<li>Geeignet f\u00fcr lange Gegenst\u00e4nde<\/li>\n<li>Mechanisch synchronisiert<\/li>\n<\/ul>\n<p>[\/vc_column_text]<div class=\"ult-spacer spacer-69ececf842194\" data-id=\"69ececf842194\" data-height=\"0\" data-height-mobile=\"15\" data-height-tab=\"0\" data-height-tab-portrait=\"0\" data-height-mobile-landscape=\"15\" style=\"clear:both;display:block;\"><\/div>[\/vc_column_inner][vc_column_inner width=&#8220;1\/2&#8243;][vc_single_image image=&#8220;3729&#8243; img_size=&#8220;large&#8220; alignment=&#8220;center&#8220;][\/vc_column_inner][\/vc_row_inner][vc_empty_space height=&#8220;30px&#8220;][vc_row_inner][vc_column_inner width=&#8220;1\/2&#8243;][vc_single_image image=&#8220;3727&#8243; img_size=&#8220;large&#8220; alignment=&#8220;center&#8220;][vc_empty_space height=&#8220;30px&#8220;][vc_column_text]<\/p>\n<p style=\"text-align: center;\">Um eine gesundheitssch\u00e4digende R\u00fcckenbelastung des Personals zu vermeiden, wird hier ein Doppelscherentisch des Typs EH40-100 mit einer Kapazit\u00e4t von 4 Tonnen verwendet, der die Holzwerkst\u00fccke f\u00fcr die Weiterverarbeitung in die richtige Lage bringt.<\/p>\n<p>[\/vc_column_text]<div class=\"ult-spacer spacer-69ececf8421bf\" data-id=\"69ececf8421bf\" data-height=\"0\" data-height-mobile=\"30\" data-height-tab=\"0\" data-height-tab-portrait=\"0\" data-height-mobile-landscape=\"30\" style=\"clear:both;display:block;\"><\/div>[\/vc_column_inner][vc_column_inner width=&#8220;1\/2&#8243;][vc_single_image image=&#8220;3725&#8243; img_size=&#8220;large&#8220; alignment=&#8220;center&#8220;][vc_empty_space height=&#8220;30px&#8220;][vc_column_text]<\/p>\n<p style=\"text-align: center;\">Doppelscherentisch des Typs EH60-165ADCH mit einer Kapazit\u00e4t von 6 Tonnen zum Heben langer Holzwerkst\u00fccke in einer Anlage im 2-Schichtbetrieb.<\/p>\n<p>[\/vc_column_text][\/vc_column_inner][\/vc_row_inner]<div class=\"ult-spacer spacer-69ececf8421e5\" data-id=\"69ececf8421e5\" data-height=\"90\" data-height-mobile=\"60\" data-height-tab=\"90\" data-height-tab-portrait=\"60\" data-height-mobile-landscape=\"60\" style=\"clear:both;display:block;\"><\/div>[\/vc_column][\/vc_row][vc_row full_width=&#8220;stretch_row&#8220; css_animation=&#8220;fadeInUp&#8220; css=&#8220;.vc_custom_1639554245043{background-color: #f4f4f4 !important;}&#8220;][vc_column]<div class=\"ult-spacer spacer-69ececf842207\" data-id=\"69ececf842207\" data-height=\"90\" data-height-mobile=\"60\" data-height-tab=\"90\" data-height-tab-portrait=\"60\" data-height-mobile-landscape=\"60\" style=\"clear:both;display:block;\"><\/div>[vc_row_inner][vc_column_inner width=&#8220;1\/6&#8243;][\/vc_column_inner][vc_column_inner offset=&#8220;vc_col-lg-8 vc_col-md-12 vc_col-xs-12&#8243;][vc_raw_html]W3RhYmxlIGlkPTcgcmVzcG9uc2l2ZT1mbGlwIHJlc3BvbnNpdmVfYnJlYWtwb2ludD0idGFibGV0IiAvXQ==[\/vc_raw_html][\/vc_column_inner][vc_column_inner width=&#8220;1\/6&#8243;][\/vc_column_inner][\/vc_row_inner]<div class=\"ult-spacer spacer-69ececf842227\" data-id=\"69ececf842227\" data-height=\"90\" data-height-mobile=\"60\" data-height-tab=\"90\" data-height-tab-portrait=\"60\" data-height-mobile-landscape=\"60\" style=\"clear:both;display:block;\"><\/div>[\/vc_column][\/vc_row][vc_row full_width=&#8220;stretch_row&#8220; css_animation=&#8220;fadeInUp&#8220; css=&#8220;.vc_custom_1639554250419{background-color: #eeeeee !important;}&#8220;][vc_column]<div class=\"ult-spacer spacer-69ececf842247\" data-id=\"69ececf842247\" data-height=\"90\" data-height-mobile=\"60\" data-height-tab=\"90\" data-height-tab-portrait=\"60\" data-height-mobile-landscape=\"60\" style=\"clear:both;display:block;\"><\/div>[vc_row_inner][vc_column_inner offset=&#8220;vc_col-lg-6 vc_col-md-6 vc_col-xs-12&#8243;][vc_column_text]<\/p>\n<h3>Bestellen Sie hier Ihre Doppelschere horizontal<\/h3>\n<p>Sollten wir f\u00fcr Sie nach einer funktionalen horizontalen Doppelschere suchen, k\u00f6nnen Sie sich gerne an uns wenden, um mehr \u00fcber Ihre M\u00f6glichkeiten zu erfahren.<\/p>\n<p>Wir haben immer einen kompetenten und erfahrenen Berater, der Ihnen hilft, die richtige Scherenarbeitsb\u00fchne f\u00fcr Sie zu finden.<\/p>\n<p>Kontaktieren Sie uns noch heute telefonisch <a href=\"tel:98231511\">(+45) 98 23 15 11<\/a>. Sie k\u00f6nnen uns auch gerne an <a href=\"mailto:info@powerlift.dk\">info@powerlift.dk<\/a> schreiben. Wir haben immer einen kompetenten Berater, der Ihnen helfen kann.\u200b\u200b[\/vc_column_text]<div class=\"ult-spacer spacer-69ececf842266\" data-id=\"69ececf842266\" data-height=\"0\" data-height-mobile=\"30\" data-height-tab=\"0\" data-height-tab-portrait=\"30\" data-height-mobile-landscape=\"30\" style=\"clear:both;display:block;\"><\/div>[\/vc_column_inner][vc_column_inner offset=&#8220;vc_col-lg-6 vc_col-md-6 vc_col-xs-12&#8243;][vc_column_text]<\/p>\n<h3>Kontaktieren Sie uns heute<\/h3>\n<p>[\/vc_column_text][vc_empty_space height=&#8220;15px&#8220;][vc_raw_html]W2Zvcm1pbmF0b3JfZm9ybSBpZD0iNDA3MCJd[\/vc_raw_html][\/vc_column_inner][\/vc_row_inner]<div class=\"ult-spacer spacer-69ececf842284\" data-id=\"69ececf842284\" data-height=\"90\" data-height-mobile=\"60\" data-height-tab=\"90\" data-height-tab-portrait=\"60\" data-height-mobile-landscape=\"60\" style=\"clear:both;display:block;\"><\/div>[\/vc_column][\/vc_row]<\/p>\n<\/section>","protected":false},"excerpt":{"rendered":"<p>Mehr als 40 verschiedene Typen!<\/p>\n","protected":false},"author":1,"featured_media":0,"parent":0,"menu_order":0,"comment_status":"closed","ping_status":"closed","template":"","meta":{"footnotes":""},"categories":[],"acf":[],"yoast_head":"<!-- This site is optimized with the Yoast SEO plugin v20.10 - https:\/\/yoast.com\/wordpress\/plugins\/seo\/ -->\n<title>Doppelhorizontalschere &middot; Powerlift<\/title>\n<meta name=\"robots\" content=\"index, follow, max-snippet:-1, max-image-preview:large, max-video-preview:-1\" \/>\n<link rel=\"canonical\" href=\"http:\/\/powerlift.dk\/de\/doppelhorizontalschere\/\" \/>\n<meta property=\"og:locale\" content=\"de_DE\" \/>\n<meta property=\"og:type\" content=\"article\" \/>\n<meta property=\"og:title\" content=\"Doppelhorizontalschere &middot; Powerlift\" \/>\n<meta property=\"og:description\" content=\"Mehr als 40 verschiedene Typen!\" \/>\n<meta property=\"og:url\" content=\"http:\/\/powerlift.dk\/de\/doppelhorizontalschere\/\" \/>\n<meta property=\"og:site_name\" content=\"Powerlift\" \/>\n<meta property=\"article:modified_time\" content=\"2022-09-07T07:11:17+00:00\" \/>\n<meta name=\"twitter:card\" content=\"summary_large_image\" \/>\n<meta name=\"twitter:label1\" content=\"Gesch\u00e4tzte Lesezeit\" \/>\n\t<meta name=\"twitter:data1\" content=\"2\u00a0Minuten\" \/>\n<script type=\"application\/ld+json\" class=\"yoast-schema-graph\">{\"@context\":\"https:\/\/schema.org\",\"@graph\":[{\"@type\":\"WebPage\",\"@id\":\"http:\/\/powerlift.dk\/de\/doppelhorizontalschere\/\",\"url\":\"http:\/\/powerlift.dk\/de\/doppelhorizontalschere\/\",\"name\":\"Doppelhorizontalschere &middot; Powerlift\",\"isPartOf\":{\"@id\":\"http:\/\/powerlift.dk\/#website\"},\"datePublished\":\"2021-12-13T12:03:15+00:00\",\"dateModified\":\"2022-09-07T07:11:17+00:00\",\"breadcrumb\":{\"@id\":\"http:\/\/powerlift.dk\/de\/doppelhorizontalschere\/#breadcrumb\"},\"inLanguage\":\"de\",\"potentialAction\":[{\"@type\":\"ReadAction\",\"target\":[\"http:\/\/powerlift.dk\/de\/doppelhorizontalschere\/\"]}]},{\"@type\":\"BreadcrumbList\",\"@id\":\"http:\/\/powerlift.dk\/de\/doppelhorizontalschere\/#breadcrumb\",\"itemListElement\":[{\"@type\":\"ListItem\",\"position\":1,\"name\":\"Hjem\",\"item\":\"https:\/\/powerlift.dk\/de\/\"},{\"@type\":\"ListItem\",\"position\":2,\"name\":\"Doppelhorizontalschere\"}]},{\"@type\":\"WebSite\",\"@id\":\"http:\/\/powerlift.dk\/#website\",\"url\":\"http:\/\/powerlift.dk\/\",\"name\":\"Powerlift\",\"description\":\"Powerlift, sakselift, multilift og l\u00f8fteborde\",\"publisher\":{\"@id\":\"http:\/\/powerlift.dk\/#organization\"},\"potentialAction\":[{\"@type\":\"SearchAction\",\"target\":{\"@type\":\"EntryPoint\",\"urlTemplate\":\"http:\/\/powerlift.dk\/?s={search_term_string}\"},\"query-input\":\"required name=search_term_string\"}],\"inLanguage\":\"de\"},{\"@type\":\"Organization\",\"@id\":\"http:\/\/powerlift.dk\/#organization\",\"name\":\"Powerlift\",\"url\":\"http:\/\/powerlift.dk\/\",\"logo\":{\"@type\":\"ImageObject\",\"inLanguage\":\"de\",\"@id\":\"http:\/\/powerlift.dk\/#\/schema\/logo\/image\/\",\"url\":\"https:\/\/powerlift.dk\/wp-content\/uploads\/2021\/12\/logo-2-11.png\",\"contentUrl\":\"https:\/\/powerlift.dk\/wp-content\/uploads\/2021\/12\/logo-2-11.png\",\"width\":230,\"height\":72,\"caption\":\"Powerlift\"},\"image\":{\"@id\":\"http:\/\/powerlift.dk\/#\/schema\/logo\/image\/\"}}]}<\/script>\n<!-- \/ Yoast SEO plugin. -->","yoast_head_json":{"title":"Doppelhorizontalschere &middot; Powerlift","robots":{"index":"index","follow":"follow","max-snippet":"max-snippet:-1","max-image-preview":"max-image-preview:large","max-video-preview":"max-video-preview:-1"},"canonical":"http:\/\/powerlift.dk\/de\/doppelhorizontalschere\/","og_locale":"de_DE","og_type":"article","og_title":"Doppelhorizontalschere &middot; Powerlift","og_description":"Mehr als 40 verschiedene Typen!","og_url":"http:\/\/powerlift.dk\/de\/doppelhorizontalschere\/","og_site_name":"Powerlift","article_modified_time":"2022-09-07T07:11:17+00:00","twitter_card":"summary_large_image","twitter_misc":{"Gesch\u00e4tzte Lesezeit":"2\u00a0Minuten"},"schema":{"@context":"https:\/\/schema.org","@graph":[{"@type":"WebPage","@id":"http:\/\/powerlift.dk\/de\/doppelhorizontalschere\/","url":"http:\/\/powerlift.dk\/de\/doppelhorizontalschere\/","name":"Doppelhorizontalschere &middot; Powerlift","isPartOf":{"@id":"http:\/\/powerlift.dk\/#website"},"datePublished":"2021-12-13T12:03:15+00:00","dateModified":"2022-09-07T07:11:17+00:00","breadcrumb":{"@id":"http:\/\/powerlift.dk\/de\/doppelhorizontalschere\/#breadcrumb"},"inLanguage":"de","potentialAction":[{"@type":"ReadAction","target":["http:\/\/powerlift.dk\/de\/doppelhorizontalschere\/"]}]},{"@type":"BreadcrumbList","@id":"http:\/\/powerlift.dk\/de\/doppelhorizontalschere\/#breadcrumb","itemListElement":[{"@type":"ListItem","position":1,"name":"Hjem","item":"https:\/\/powerlift.dk\/de\/"},{"@type":"ListItem","position":2,"name":"Doppelhorizontalschere"}]},{"@type":"WebSite","@id":"http:\/\/powerlift.dk\/#website","url":"http:\/\/powerlift.dk\/","name":"Powerlift","description":"Powerlift, sakselift, multilift og l\u00f8fteborde","publisher":{"@id":"http:\/\/powerlift.dk\/#organization"},"potentialAction":[{"@type":"SearchAction","target":{"@type":"EntryPoint","urlTemplate":"http:\/\/powerlift.dk\/?s={search_term_string}"},"query-input":"required name=search_term_string"}],"inLanguage":"de"},{"@type":"Organization","@id":"http:\/\/powerlift.dk\/#organization","name":"Powerlift","url":"http:\/\/powerlift.dk\/","logo":{"@type":"ImageObject","inLanguage":"de","@id":"http:\/\/powerlift.dk\/#\/schema\/logo\/image\/","url":"https:\/\/powerlift.dk\/wp-content\/uploads\/2021\/12\/logo-2-11.png","contentUrl":"https:\/\/powerlift.dk\/wp-content\/uploads\/2021\/12\/logo-2-11.png","width":230,"height":72,"caption":"Powerlift"},"image":{"@id":"http:\/\/powerlift.dk\/#\/schema\/logo\/image\/"}}]}},"_links":{"self":[{"href":"https:\/\/powerlift.dk\/de\/wp-json\/wp\/v2\/pages\/3970"}],"collection":[{"href":"https:\/\/powerlift.dk\/de\/wp-json\/wp\/v2\/pages"}],"about":[{"href":"https:\/\/powerlift.dk\/de\/wp-json\/wp\/v2\/types\/page"}],"author":[{"embeddable":true,"href":"https:\/\/powerlift.dk\/de\/wp-json\/wp\/v2\/users\/1"}],"replies":[{"embeddable":true,"href":"https:\/\/powerlift.dk\/de\/wp-json\/wp\/v2\/comments?post=3970"}],"version-history":[{"count":8,"href":"https:\/\/powerlift.dk\/de\/wp-json\/wp\/v2\/pages\/3970\/revisions"}],"predecessor-version":[{"id":4301,"href":"https:\/\/powerlift.dk\/de\/wp-json\/wp\/v2\/pages\/3970\/revisions\/4301"}],"wp:attachment":[{"href":"https:\/\/powerlift.dk\/de\/wp-json\/wp\/v2\/media?parent=3970"}],"wp:term":[{"taxonomy":"category","embeddable":true,"href":"https:\/\/powerlift.dk\/de\/wp-json\/wp\/v2\/categories?post=3970"}],"curies":[{"name":"wp","href":"https:\/\/api.w.org\/{rel}","templated":true}]}}